{"id":1115,"date":"2024-01-04T20:24:42","date_gmt":"2024-01-04T20:24:42","guid":{"rendered":"https:\/\/associaciogens.org\/product\/complet-webinar-presentacio-de-lacademia-rustika\/"},"modified":"2024-04-14T14:54:25","modified_gmt":"2024-04-14T14:54:25","slug":"complet-webinar-presentacio-de-lacademia-rustika","status":"publish","type":"product","link":"https:\/\/associaciogens.org\/es\/product\/complet-webinar-presentacio-de-lacademia-rustika\/","title":{"rendered":"\u26a0\ufe0f COMPLETO \/ Webinar presentaci\u00f3n de la Academia R\u00fastika"},"content":{"rendered":"","protected":false},"excerpt":{"rendered":"<p>\u200b Ya puedes apuntarte al Webinar presentaci\u00f3n de la Academia R\u00fastika\u00a0\u200b<\/p>\n<p>\u200b Est\u00e1 pensado para ti, que est\u00e1s interesada y\/o interesado en construir una nueva ruralidad, en clave regenerativa. \u00a1Podr\u00e1s resolver tus dudas!<\/p>\n<p>\u200b 11 de Diciembre<br \/>\n\u200b 18:30 a 20h<\/p>\n<p>El programa del webinar es el siguiente:<\/p>\n<p>\u200b Bienvenida y explicaciones t\u00e9cnicas<br \/>\n\u200b Presentaci\u00f3n Asociaci\u00f3n Nada, Academia R\u00fastika y R\u00fastika Fundamental<br \/>\n\u200b Presentaci\u00f3n de la informaci\u00f3n para el alumnado: temario, calendario e inscripciones<br \/>\n\u200bTurno abierto de preguntas<\/p>\n","protected":false},"featured_media":1116,"comment_status":"closed","ping_status":"closed","template":"","meta":{"neve_meta_sidebar":"","neve_meta_container":"","neve_meta_enable_content_width":"off","neve_meta_content_width":100,"neve_meta_title_alignment":"","neve_meta_author_avatar":"","neve_post_elements_order":"","neve_meta_disable_header":"","neve_meta_disable_footer":"","neve_meta_disable_title":""},"product_cat":[34],"product_tag":[],"class_list":{"0":"post-1115","1":"product","2":"type-product","3":"status-publish","4":"has-post-thumbnail","6":"product_cat-uncategorized-es","8":"first","9":"instock","10":"shipping-taxable","11":"purchasable","12":"product-type-simple"},"yoast_head":"<!-- This site is optimized with the Yoast SEO plugin v24.2 - https:\/\/yoast.com\/wordpress\/plugins\/seo\/ -->\n<title>\u26a0\ufe0f COMPLETO \/ Webinar presentaci\u00f3n de la Academia R\u00fastika - Gens<\/title>\n<meta name=\"robots\" content=\"index, follow, max-snippet:-1, max-image-preview:large, max-video-preview:-1\" \/>\n<link rel=\"canonical\" href=\"https:\/\/associaciogens.org\/es\/product\/complet-webinar-presentacio-de-lacademia-rustika\/\" \/>\n<meta property=\"og:locale\" content=\"es_ES\" \/>\n<meta property=\"og:type\" content=\"article\" \/>\n<meta property=\"og:title\" content=\"\u26a0\ufe0f COMPLETO \/ Webinar presentaci\u00f3n de la Academia R\u00fastika - Gens\" \/>\n<meta property=\"og:description\" content=\"\u200b Ya puedes apuntarte al Webinar presentaci\u00f3n de la Academia R\u00fastika\u00a0\u200b  \u200b Est\u00e1 pensado para ti, que est\u00e1s interesada y\/o interesado en construir una nueva ruralidad, en clave regenerativa. \u00a1Podr\u00e1s resolver tus dudas!  \u200b 11 de Diciembre \u200b 18:30 a 20h  El programa del webinar es el siguiente:  \u200b Bienvenida y explicaciones t\u00e9cnicas \u200b Presentaci\u00f3n Asociaci\u00f3n Nada, Academia R\u00fastika y R\u00fastika Fundamental \u200b Presentaci\u00f3n de la informaci\u00f3n para el alumnado: temario, calendario e inscripciones \u200bTurno abierto de preguntas\" \/>\n<meta property=\"og:url\" content=\"https:\/\/associaciogens.org\/es\/product\/complet-webinar-presentacio-de-lacademia-rustika\/\" \/>\n<meta property=\"og:site_name\" content=\"Gens\" \/>\n<meta property=\"article:modified_time\" content=\"2024-04-14T14:54:25+00:00\" \/>\n<meta property=\"og:image\" content=\"https:\/\/associaciogens.org\/wp-content\/uploads\/2024\/01\/408102067_361341349881912_5498689159000947281_n-1.jpg\" \/>\n\t<meta property=\"og:image:width\" content=\"1080\" \/>\n\t<meta property=\"og:image:height\" content=\"1080\" \/>\n\t<meta property=\"og:image:type\" content=\"image\/jpeg\" \/>\n<meta name=\"twitter:card\" content=\"summary_large_image\" \/>\n<meta name=\"twitter:label1\" content=\"Tiempo de lectura\" \/>\n\t<meta name=\"twitter:data1\" content=\"1 minuto\" \/>\n<script type=\"application\/ld+json\" class=\"yoast-schema-graph\">{\"@context\":\"https:\/\/schema.org\",\"@graph\":[{\"@type\":\"WebPage\",\"@id\":\"https:\/\/associaciogens.org\/es\/product\/complet-webinar-presentacio-de-lacademia-rustika\/\",\"url\":\"https:\/\/associaciogens.org\/es\/product\/complet-webinar-presentacio-de-lacademia-rustika\/\",\"name\":\"\u26a0\ufe0f COMPLETO \/ Webinar presentaci\u00f3n de la Academia R\u00fastika - Gens\",\"isPartOf\":{\"@id\":\"https:\/\/associaciogens.org\/#website\"},\"primaryImageOfPage\":{\"@id\":\"https:\/\/associaciogens.org\/es\/product\/complet-webinar-presentacio-de-lacademia-rustika\/#primaryimage\"},\"image\":{\"@id\":\"https:\/\/associaciogens.org\/es\/product\/complet-webinar-presentacio-de-lacademia-rustika\/#primaryimage\"},\"thumbnailUrl\":\"https:\/\/associaciogens.org\/wp-content\/uploads\/2024\/01\/408102067_361341349881912_5498689159000947281_n-1.jpg\",\"datePublished\":\"2024-01-04T20:24:42+00:00\",\"dateModified\":\"2024-04-14T14:54:25+00:00\",\"breadcrumb\":{\"@id\":\"https:\/\/associaciogens.org\/es\/product\/complet-webinar-presentacio-de-lacademia-rustika\/#breadcrumb\"},\"inLanguage\":\"es\",\"potentialAction\":[{\"@type\":\"ReadAction\",\"target\":[\"https:\/\/associaciogens.org\/es\/product\/complet-webinar-presentacio-de-lacademia-rustika\/\"]}]},{\"@type\":\"ImageObject\",\"inLanguage\":\"es\",\"@id\":\"https:\/\/associaciogens.org\/es\/product\/complet-webinar-presentacio-de-lacademia-rustika\/#primaryimage\",\"url\":\"https:\/\/associaciogens.org\/wp-content\/uploads\/2024\/01\/408102067_361341349881912_5498689159000947281_n-1.jpg\",\"contentUrl\":\"https:\/\/associaciogens.org\/wp-content\/uploads\/2024\/01\/408102067_361341349881912_5498689159000947281_n-1.jpg\",\"width\":1080,\"height\":1080},{\"@type\":\"BreadcrumbList\",\"@id\":\"https:\/\/associaciogens.org\/es\/product\/complet-webinar-presentacio-de-lacademia-rustika\/#breadcrumb\",\"itemListElement\":[{\"@type\":\"ListItem\",\"position\":1,\"name\":\"Home\",\"item\":\"https:\/\/associaciogens.org\/es\/\"},{\"@type\":\"ListItem\",\"position\":2,\"name\":\"Inscripcions\",\"item\":\"https:\/\/associaciogens.org\/shop\/\"},{\"@type\":\"ListItem\",\"position\":3,\"name\":\"\u26a0\ufe0f COMPLETO \/ Webinar presentaci\u00f3n de la Academia R\u00fastika\"}]},{\"@type\":\"WebSite\",\"@id\":\"https:\/\/associaciogens.org\/#website\",\"url\":\"https:\/\/associaciogens.org\/\",\"name\":\"Gens\",\"description\":\"projectes transformadors al m\u00f3n rural\",\"publisher\":{\"@id\":\"https:\/\/associaciogens.org\/#organization\"},\"potentialAction\":[{\"@type\":\"SearchAction\",\"target\":{\"@type\":\"EntryPoint\",\"urlTemplate\":\"https:\/\/associaciogens.org\/?s={search_term_string}\"},\"query-input\":{\"@type\":\"PropertyValueSpecification\",\"valueRequired\":true,\"valueName\":\"search_term_string\"}}],\"inLanguage\":\"es\"},{\"@type\":\"Organization\",\"@id\":\"https:\/\/associaciogens.org\/#organization\",\"name\":\"Gens\",\"url\":\"https:\/\/associaciogens.org\/\",\"logo\":{\"@type\":\"ImageObject\",\"inLanguage\":\"es\",\"@id\":\"https:\/\/associaciogens.org\/#\/schema\/logo\/image\/\",\"url\":\"https:\/\/associaciogens.org\/wp-content\/uploads\/2025\/03\/eit-2.png\",\"contentUrl\":\"https:\/\/associaciogens.org\/wp-content\/uploads\/2025\/03\/eit-2.png\",\"width\":643,\"height\":142,\"caption\":\"Gens\"},\"image\":{\"@id\":\"https:\/\/associaciogens.org\/#\/schema\/logo\/image\/\"}}]}<\/script>\n<!-- \/ Yoast SEO plugin. -->","yoast_head_json":{"title":"\u26a0\ufe0f COMPLETO \/ Webinar presentaci\u00f3n de la Academia R\u00fastika - Gens","robots":{"index":"index","follow":"follow","max-snippet":"max-snippet:-1","max-image-preview":"max-image-preview:large","max-video-preview":"max-video-preview:-1"},"canonical":"https:\/\/associaciogens.org\/es\/product\/complet-webinar-presentacio-de-lacademia-rustika\/","og_locale":"es_ES","og_type":"article","og_title":"\u26a0\ufe0f COMPLETO \/ Webinar presentaci\u00f3n de la Academia R\u00fastika - Gens","og_description":"\u200b Ya puedes apuntarte al Webinar presentaci\u00f3n de la Academia R\u00fastika\u00a0\u200b  \u200b Est\u00e1 pensado para ti, que est\u00e1s interesada y\/o interesado en construir una nueva ruralidad, en clave regenerativa. \u00a1Podr\u00e1s resolver tus dudas!  \u200b 11 de Diciembre \u200b 18:30 a 20h  El programa del webinar es el siguiente:  \u200b Bienvenida y explicaciones t\u00e9cnicas \u200b Presentaci\u00f3n Asociaci\u00f3n Nada, Academia R\u00fastika y R\u00fastika Fundamental \u200b Presentaci\u00f3n de la informaci\u00f3n para el alumnado: temario, calendario e inscripciones \u200bTurno abierto de preguntas","og_url":"https:\/\/associaciogens.org\/es\/product\/complet-webinar-presentacio-de-lacademia-rustika\/","og_site_name":"Gens","article_modified_time":"2024-04-14T14:54:25+00:00","og_image":[{"width":1080,"height":1080,"url":"https:\/\/associaciogens.org\/wp-content\/uploads\/2024\/01\/408102067_361341349881912_5498689159000947281_n-1.jpg","type":"image\/jpeg"}],"twitter_card":"summary_large_image","twitter_misc":{"Tiempo de lectura":"1 minuto"},"schema":{"@context":"https:\/\/schema.org","@graph":[{"@type":"WebPage","@id":"https:\/\/associaciogens.org\/es\/product\/complet-webinar-presentacio-de-lacademia-rustika\/","url":"https:\/\/associaciogens.org\/es\/product\/complet-webinar-presentacio-de-lacademia-rustika\/","name":"\u26a0\ufe0f COMPLETO \/ Webinar presentaci\u00f3n de la Academia R\u00fastika - Gens","isPartOf":{"@id":"https:\/\/associaciogens.org\/#website"},"primaryImageOfPage":{"@id":"https:\/\/associaciogens.org\/es\/product\/complet-webinar-presentacio-de-lacademia-rustika\/#primaryimage"},"image":{"@id":"https:\/\/associaciogens.org\/es\/product\/complet-webinar-presentacio-de-lacademia-rustika\/#primaryimage"},"thumbnailUrl":"https:\/\/associaciogens.org\/wp-content\/uploads\/2024\/01\/408102067_361341349881912_5498689159000947281_n-1.jpg","datePublished":"2024-01-04T20:24:42+00:00","dateModified":"2024-04-14T14:54:25+00:00","breadcrumb":{"@id":"https:\/\/associaciogens.org\/es\/product\/complet-webinar-presentacio-de-lacademia-rustika\/#breadcrumb"},"inLanguage":"es","potentialAction":[{"@type":"ReadAction","target":["https:\/\/associaciogens.org\/es\/product\/complet-webinar-presentacio-de-lacademia-rustika\/"]}]},{"@type":"ImageObject","inLanguage":"es","@id":"https:\/\/associaciogens.org\/es\/product\/complet-webinar-presentacio-de-lacademia-rustika\/#primaryimage","url":"https:\/\/associaciogens.org\/wp-content\/uploads\/2024\/01\/408102067_361341349881912_5498689159000947281_n-1.jpg","contentUrl":"https:\/\/associaciogens.org\/wp-content\/uploads\/2024\/01\/408102067_361341349881912_5498689159000947281_n-1.jpg","width":1080,"height":1080},{"@type":"BreadcrumbList","@id":"https:\/\/associaciogens.org\/es\/product\/complet-webinar-presentacio-de-lacademia-rustika\/#breadcrumb","itemListElement":[{"@type":"ListItem","position":1,"name":"Home","item":"https:\/\/associaciogens.org\/es\/"},{"@type":"ListItem","position":2,"name":"Inscripcions","item":"https:\/\/associaciogens.org\/shop\/"},{"@type":"ListItem","position":3,"name":"\u26a0\ufe0f COMPLETO \/ Webinar presentaci\u00f3n de la Academia R\u00fastika"}]},{"@type":"WebSite","@id":"https:\/\/associaciogens.org\/#website","url":"https:\/\/associaciogens.org\/","name":"Gens","description":"projectes transformadors al m\u00f3n rural","publisher":{"@id":"https:\/\/associaciogens.org\/#organization"},"potentialAction":[{"@type":"SearchAction","target":{"@type":"EntryPoint","urlTemplate":"https:\/\/associaciogens.org\/?s={search_term_string}"},"query-input":{"@type":"PropertyValueSpecification","valueRequired":true,"valueName":"search_term_string"}}],"inLanguage":"es"},{"@type":"Organization","@id":"https:\/\/associaciogens.org\/#organization","name":"Gens","url":"https:\/\/associaciogens.org\/","logo":{"@type":"ImageObject","inLanguage":"es","@id":"https:\/\/associaciogens.org\/#\/schema\/logo\/image\/","url":"https:\/\/associaciogens.org\/wp-content\/uploads\/2025\/03\/eit-2.png","contentUrl":"https:\/\/associaciogens.org\/wp-content\/uploads\/2025\/03\/eit-2.png","width":643,"height":142,"caption":"Gens"},"image":{"@id":"https:\/\/associaciogens.org\/#\/schema\/logo\/image\/"}}]}},"_links":{"self":[{"href":"https:\/\/associaciogens.org\/es\/wp-json\/wp\/v2\/product\/1115","targetHints":{"allow":["GET"]}}],"collection":[{"href":"https:\/\/associaciogens.org\/es\/wp-json\/wp\/v2\/product"}],"about":[{"href":"https:\/\/associaciogens.org\/es\/wp-json\/wp\/v2\/types\/product"}],"replies":[{"embeddable":true,"href":"https:\/\/associaciogens.org\/es\/wp-json\/wp\/v2\/comments?post=1115"}],"wp:featuredmedia":[{"embeddable":true,"href":"https:\/\/associaciogens.org\/es\/wp-json\/wp\/v2\/media\/1116"}],"wp:attachment":[{"href":"https:\/\/associaciogens.org\/es\/wp-json\/wp\/v2\/media?parent=1115"}],"wp:term":[{"taxonomy":"product_cat","embeddable":true,"href":"https:\/\/associaciogens.org\/es\/wp-json\/wp\/v2\/product_cat?post=1115"},{"taxonomy":"product_tag","embeddable":true,"href":"https:\/\/associaciogens.org\/es\/wp-json\/wp\/v2\/product_tag?post=1115"}],"curies":[{"name":"wp","href":"https:\/\/api.w.org\/{rel}","templated":true}]}}