{"id":1111,"date":"2024-01-04T20:34:48","date_gmt":"2024-01-04T20:34:48","guid":{"rendered":"https:\/\/associaciogens.org\/product\/academia-rustika\/"},"modified":"2024-04-14T14:55:04","modified_gmt":"2024-04-14T14:55:04","slug":"academia-rustika","status":"publish","type":"product","link":"https:\/\/associaciogens.org\/es\/product\/academia-rustika\/","title":{"rendered":"Acad\u00e8mia R\u00fastika"},"content":{"rendered":"<p><img fetchpriority=\"high\" decoding=\"async\" class=\"aligncenter size-full wp-image-1112\" src=\"https:\/\/associaciogens.org\/wp-content\/uploads\/2023\/12\/image-c1d1e514-2d0d-4215-a979-56af29287d84.webp\" alt=\"\" width=\"762\" height=\"1078\" srcset=\"https:\/\/associaciogens.org\/wp-content\/uploads\/2023\/12\/image-c1d1e514-2d0d-4215-a979-56af29287d84.webp 762w, https:\/\/associaciogens.org\/wp-content\/uploads\/2023\/12\/image-c1d1e514-2d0d-4215-a979-56af29287d84-212x300.webp 212w, https:\/\/associaciogens.org\/wp-content\/uploads\/2023\/12\/image-c1d1e514-2d0d-4215-a979-56af29287d84-724x1024.webp 724w, https:\/\/associaciogens.org\/wp-content\/uploads\/2023\/12\/image-c1d1e514-2d0d-4215-a979-56af29287d84-600x849.webp 600w\" sizes=\"(max-width: 762px) 100vw, 762px\" \/><\/p>\n","protected":false},"excerpt":{"rendered":"<div class=\"xdj266r x11i5rnm xat24cr x1mh8g0r x1vvkbs x126k92a\">\n<div dir=\"auto\">\n<div class=\"xdj266r x11i5rnm xat24cr x1mh8g0r x1vvkbs x126k92a\">\n<div dir=\"auto\">\n<p>\u00a0\u00a1Queremos darles las gracias a las 39 personas inscritas ya todas y todos vosotros que nos han apoyado!<br \/>\n\u200b El Programa R\u00fastika Fundamental es una formaci\u00f3n innovadora que promueve la transici\u00f3n a una producci\u00f3n regenerativa. \u00a1Cre\u00edamos que era necesario apostar por una formaci\u00f3n en el mundo agrario y ha quedado demostrada la necesidad!<br \/>\n\u00a1Estamos muy ilusionadas e ilusionados de comunicar que el recibimiento ha superado nuestras expectativas! En tan s\u00f3lo 3 semanas de comunicar el lanzamiento, \u00a1ya estamos cerrando inscripciones y empezamos el proceso de selecci\u00f3n de los alumnos! \u200b<\/p>\n<p>&#8212;<\/p>\n<p>\u200b Desde la Asociaci\u00f3n Gens le informamos que abrimos inscripciones para la primera edici\u00f3n de la Academia R\u00fastika<br \/>\nEres o te gustar\u00eda ser profesional y emprendedor en el mundo agrario, \u00a1esto va por ti!<br \/>\n\u200b El Programa R\u00fastika Fundamental es una formaci\u00f3n innovadora que promueve la transici\u00f3n a una producci\u00f3n regenerativa.<br \/>\nEst\u00e1 impartida por una veintena de expertos de renombre y aborda los retos del sector agrario como la crisis ambiental y la sostenibilidad econ\u00f3mica. Expertos destacados como: Vanesa Freixa, Josep Ramon Sainz de Maza y Meghan Sapp.<br \/>\nEl Programa consta de 6 m\u00f3dulos que incluyen:<br \/>\n\u200b Agricultura Regenerativa<br \/>\n\u200b Ganader\u00eda Regenerativa<br \/>\n\u200b Gesti\u00f3n Ambiental<br \/>\n\u200b Gesti\u00f3n Forestal<br \/>\n\u200b Gesti\u00f3n empresarial<br \/>\nSe pueden cursar los m\u00f3dulos de forma independiente.<br \/>\n\u200b Alt Pened\u00e8s<br \/>\n\u200b Enero a Julio de 2024<br \/>\n\u200b Oportunidad \u00fanica de disfrutar de una formaci\u00f3n gratuita (por valor de 10.000 euros en pr\u00f3ximas ediciones)<\/p>\n<\/div>\n<\/div>\n<\/div>\n<\/div>\n","protected":false},"featured_media":1113,"comment_status":"closed","ping_status":"closed","template":"","meta":{"neve_meta_sidebar":"","neve_meta_container":"","neve_meta_enable_content_width":"off","neve_meta_content_width":100,"neve_meta_title_alignment":"","neve_meta_author_avatar":"","neve_post_elements_order":"","neve_meta_disable_header":"","neve_meta_disable_footer":"","neve_meta_disable_title":""},"product_cat":[34],"product_tag":[],"class_list":{"0":"post-1111","1":"product","2":"type-product","3":"status-publish","4":"has-post-thumbnail","6":"product_cat-uncategorized-es","8":"first","9":"instock","10":"sale","11":"virtual","12":"purchasable","13":"product-type-simple"},"yoast_head":"<!-- This site is optimized with the Yoast SEO plugin v24.2 - https:\/\/yoast.com\/wordpress\/plugins\/seo\/ -->\n<title>Acad\u00e8mia R\u00fastika - Gens<\/title>\n<meta name=\"robots\" content=\"index, follow, max-snippet:-1, max-image-preview:large, max-video-preview:-1\" \/>\n<link rel=\"canonical\" href=\"https:\/\/associaciogens.org\/es\/product\/academia-rustika\/\" \/>\n<meta property=\"og:locale\" content=\"es_ES\" \/>\n<meta property=\"og:type\" content=\"article\" \/>\n<meta property=\"og:title\" content=\"Acad\u00e8mia R\u00fastika - Gens\" \/>\n<meta property=\"og:description\" content=\"\u00a0\u00a1Queremos darles las gracias a las 39 personas inscritas ya todas y todos vosotros que nos han apoyado! \u200b El Programa R\u00fastika Fundamental es una formaci\u00f3n innovadora que promueve la transici\u00f3n a una producci\u00f3n regenerativa. \u00a1Cre\u00edamos que era necesario apostar por una formaci\u00f3n en el mundo agrario y ha quedado demostrada la necesidad! \u00a1Estamos muy ilusionadas e ilusionados de comunicar que el recibimiento ha superado nuestras expectativas! En tan s\u00f3lo 3 semanas de comunicar el lanzamiento, \u00a1ya estamos cerrando inscripciones y empezamos el proceso de selecci\u00f3n de los alumnos! \u200b  ---  \u200b Desde la Asociaci\u00f3n Gens le informamos que abrimos inscripciones para la primera edici\u00f3n de la Academia R\u00fastika Eres o te gustar\u00eda ser profesional y emprendedor en el mundo agrario, \u00a1esto va por ti! \u200b El Programa R\u00fastika Fundamental es una formaci\u00f3n innovadora que promueve la transici\u00f3n a una producci\u00f3n regenerativa. Est\u00e1 impartida por una veintena de expertos de renombre y aborda los retos del sector agrario como la crisis ambiental y la sostenibilidad econ\u00f3mica. Expertos destacados como: Vanesa Freixa, Josep Ramon Sainz de Maza y Meghan Sapp. El Programa consta de 6 m\u00f3dulos que incluyen: \u200b Agricultura Regenerativa \u200b Ganader\u00eda Regenerativa \u200b Gesti\u00f3n Ambiental \u200b Gesti\u00f3n Forestal \u200b Gesti\u00f3n empresarial Se pueden cursar los m\u00f3dulos de forma independiente. \u200b Alt Pened\u00e8s \u200b Enero a Julio de 2024 \u200b Oportunidad \u00fanica de disfrutar de una formaci\u00f3n gratuita (por valor de 10.000 euros en pr\u00f3ximas ediciones)\" \/>\n<meta property=\"og:url\" content=\"https:\/\/associaciogens.org\/es\/product\/academia-rustika\/\" \/>\n<meta property=\"og:site_name\" content=\"Gens\" \/>\n<meta property=\"article:modified_time\" content=\"2024-04-14T14:55:04+00:00\" \/>\n<meta property=\"og:image\" content=\"https:\/\/associaciogens.org\/wp-content\/uploads\/2024\/01\/Rustik.jpg\" \/>\n\t<meta property=\"og:image:width\" content=\"650\" \/>\n\t<meta property=\"og:image:height\" content=\"650\" \/>\n\t<meta property=\"og:image:type\" content=\"image\/jpeg\" \/>\n<meta name=\"twitter:card\" content=\"summary_large_image\" \/>\n<meta name=\"twitter:label1\" content=\"Tiempo de lectura\" \/>\n\t<meta name=\"twitter:data1\" content=\"1 minuto\" \/>\n<script type=\"application\/ld+json\" class=\"yoast-schema-graph\">{\"@context\":\"https:\/\/schema.org\",\"@graph\":[{\"@type\":\"WebPage\",\"@id\":\"https:\/\/associaciogens.org\/es\/product\/academia-rustika\/\",\"url\":\"https:\/\/associaciogens.org\/es\/product\/academia-rustika\/\",\"name\":\"Acad\u00e8mia R\u00fastika - Gens\",\"isPartOf\":{\"@id\":\"https:\/\/associaciogens.org\/#website\"},\"primaryImageOfPage\":{\"@id\":\"https:\/\/associaciogens.org\/es\/product\/academia-rustika\/#primaryimage\"},\"image\":{\"@id\":\"https:\/\/associaciogens.org\/es\/product\/academia-rustika\/#primaryimage\"},\"thumbnailUrl\":\"https:\/\/associaciogens.org\/wp-content\/uploads\/2024\/01\/Rustik.jpg\",\"datePublished\":\"2024-01-04T20:34:48+00:00\",\"dateModified\":\"2024-04-14T14:55:04+00:00\",\"breadcrumb\":{\"@id\":\"https:\/\/associaciogens.org\/es\/product\/academia-rustika\/#breadcrumb\"},\"inLanguage\":\"es\",\"potentialAction\":[{\"@type\":\"ReadAction\",\"target\":[\"https:\/\/associaciogens.org\/es\/product\/academia-rustika\/\"]}]},{\"@type\":\"ImageObject\",\"inLanguage\":\"es\",\"@id\":\"https:\/\/associaciogens.org\/es\/product\/academia-rustika\/#primaryimage\",\"url\":\"https:\/\/associaciogens.org\/wp-content\/uploads\/2024\/01\/Rustik.jpg\",\"contentUrl\":\"https:\/\/associaciogens.org\/wp-content\/uploads\/2024\/01\/Rustik.jpg\",\"width\":650,\"height\":650},{\"@type\":\"BreadcrumbList\",\"@id\":\"https:\/\/associaciogens.org\/es\/product\/academia-rustika\/#breadcrumb\",\"itemListElement\":[{\"@type\":\"ListItem\",\"position\":1,\"name\":\"Home\",\"item\":\"https:\/\/associaciogens.org\/es\/\"},{\"@type\":\"ListItem\",\"position\":2,\"name\":\"Inscripcions\",\"item\":\"https:\/\/associaciogens.org\/shop\/\"},{\"@type\":\"ListItem\",\"position\":3,\"name\":\"Acad\u00e8mia R\u00fastika\"}]},{\"@type\":\"WebSite\",\"@id\":\"https:\/\/associaciogens.org\/#website\",\"url\":\"https:\/\/associaciogens.org\/\",\"name\":\"Gens\",\"description\":\"projectes transformadors al m\u00f3n rural\",\"publisher\":{\"@id\":\"https:\/\/associaciogens.org\/#organization\"},\"potentialAction\":[{\"@type\":\"SearchAction\",\"target\":{\"@type\":\"EntryPoint\",\"urlTemplate\":\"https:\/\/associaciogens.org\/?s={search_term_string}\"},\"query-input\":{\"@type\":\"PropertyValueSpecification\",\"valueRequired\":true,\"valueName\":\"search_term_string\"}}],\"inLanguage\":\"es\"},{\"@type\":\"Organization\",\"@id\":\"https:\/\/associaciogens.org\/#organization\",\"name\":\"Gens\",\"url\":\"https:\/\/associaciogens.org\/\",\"logo\":{\"@type\":\"ImageObject\",\"inLanguage\":\"es\",\"@id\":\"https:\/\/associaciogens.org\/#\/schema\/logo\/image\/\",\"url\":\"https:\/\/associaciogens.org\/wp-content\/uploads\/2025\/03\/eit-2.png\",\"contentUrl\":\"https:\/\/associaciogens.org\/wp-content\/uploads\/2025\/03\/eit-2.png\",\"width\":643,\"height\":142,\"caption\":\"Gens\"},\"image\":{\"@id\":\"https:\/\/associaciogens.org\/#\/schema\/logo\/image\/\"}}]}<\/script>\n<!-- \/ Yoast SEO plugin. -->","yoast_head_json":{"title":"Acad\u00e8mia R\u00fastika - Gens","robots":{"index":"index","follow":"follow","max-snippet":"max-snippet:-1","max-image-preview":"max-image-preview:large","max-video-preview":"max-video-preview:-1"},"canonical":"https:\/\/associaciogens.org\/es\/product\/academia-rustika\/","og_locale":"es_ES","og_type":"article","og_title":"Acad\u00e8mia R\u00fastika - Gens","og_description":"\u00a0\u00a1Queremos darles las gracias a las 39 personas inscritas ya todas y todos vosotros que nos han apoyado! \u200b El Programa R\u00fastika Fundamental es una formaci\u00f3n innovadora que promueve la transici\u00f3n a una producci\u00f3n regenerativa. \u00a1Cre\u00edamos que era necesario apostar por una formaci\u00f3n en el mundo agrario y ha quedado demostrada la necesidad! \u00a1Estamos muy ilusionadas e ilusionados de comunicar que el recibimiento ha superado nuestras expectativas! En tan s\u00f3lo 3 semanas de comunicar el lanzamiento, \u00a1ya estamos cerrando inscripciones y empezamos el proceso de selecci\u00f3n de los alumnos! \u200b  ---  \u200b Desde la Asociaci\u00f3n Gens le informamos que abrimos inscripciones para la primera edici\u00f3n de la Academia R\u00fastika Eres o te gustar\u00eda ser profesional y emprendedor en el mundo agrario, \u00a1esto va por ti! \u200b El Programa R\u00fastika Fundamental es una formaci\u00f3n innovadora que promueve la transici\u00f3n a una producci\u00f3n regenerativa. Est\u00e1 impartida por una veintena de expertos de renombre y aborda los retos del sector agrario como la crisis ambiental y la sostenibilidad econ\u00f3mica. Expertos destacados como: Vanesa Freixa, Josep Ramon Sainz de Maza y Meghan Sapp. El Programa consta de 6 m\u00f3dulos que incluyen: \u200b Agricultura Regenerativa \u200b Ganader\u00eda Regenerativa \u200b Gesti\u00f3n Ambiental \u200b Gesti\u00f3n Forestal \u200b Gesti\u00f3n empresarial Se pueden cursar los m\u00f3dulos de forma independiente. \u200b Alt Pened\u00e8s \u200b Enero a Julio de 2024 \u200b Oportunidad \u00fanica de disfrutar de una formaci\u00f3n gratuita (por valor de 10.000 euros en pr\u00f3ximas ediciones)","og_url":"https:\/\/associaciogens.org\/es\/product\/academia-rustika\/","og_site_name":"Gens","article_modified_time":"2024-04-14T14:55:04+00:00","og_image":[{"width":650,"height":650,"url":"https:\/\/associaciogens.org\/wp-content\/uploads\/2024\/01\/Rustik.jpg","type":"image\/jpeg"}],"twitter_card":"summary_large_image","twitter_misc":{"Tiempo de lectura":"1 minuto"},"schema":{"@context":"https:\/\/schema.org","@graph":[{"@type":"WebPage","@id":"https:\/\/associaciogens.org\/es\/product\/academia-rustika\/","url":"https:\/\/associaciogens.org\/es\/product\/academia-rustika\/","name":"Acad\u00e8mia R\u00fastika - Gens","isPartOf":{"@id":"https:\/\/associaciogens.org\/#website"},"primaryImageOfPage":{"@id":"https:\/\/associaciogens.org\/es\/product\/academia-rustika\/#primaryimage"},"image":{"@id":"https:\/\/associaciogens.org\/es\/product\/academia-rustika\/#primaryimage"},"thumbnailUrl":"https:\/\/associaciogens.org\/wp-content\/uploads\/2024\/01\/Rustik.jpg","datePublished":"2024-01-04T20:34:48+00:00","dateModified":"2024-04-14T14:55:04+00:00","breadcrumb":{"@id":"https:\/\/associaciogens.org\/es\/product\/academia-rustika\/#breadcrumb"},"inLanguage":"es","potentialAction":[{"@type":"ReadAction","target":["https:\/\/associaciogens.org\/es\/product\/academia-rustika\/"]}]},{"@type":"ImageObject","inLanguage":"es","@id":"https:\/\/associaciogens.org\/es\/product\/academia-rustika\/#primaryimage","url":"https:\/\/associaciogens.org\/wp-content\/uploads\/2024\/01\/Rustik.jpg","contentUrl":"https:\/\/associaciogens.org\/wp-content\/uploads\/2024\/01\/Rustik.jpg","width":650,"height":650},{"@type":"BreadcrumbList","@id":"https:\/\/associaciogens.org\/es\/product\/academia-rustika\/#breadcrumb","itemListElement":[{"@type":"ListItem","position":1,"name":"Home","item":"https:\/\/associaciogens.org\/es\/"},{"@type":"ListItem","position":2,"name":"Inscripcions","item":"https:\/\/associaciogens.org\/shop\/"},{"@type":"ListItem","position":3,"name":"Acad\u00e8mia R\u00fastika"}]},{"@type":"WebSite","@id":"https:\/\/associaciogens.org\/#website","url":"https:\/\/associaciogens.org\/","name":"Gens","description":"projectes transformadors al m\u00f3n rural","publisher":{"@id":"https:\/\/associaciogens.org\/#organization"},"potentialAction":[{"@type":"SearchAction","target":{"@type":"EntryPoint","urlTemplate":"https:\/\/associaciogens.org\/?s={search_term_string}"},"query-input":{"@type":"PropertyValueSpecification","valueRequired":true,"valueName":"search_term_string"}}],"inLanguage":"es"},{"@type":"Organization","@id":"https:\/\/associaciogens.org\/#organization","name":"Gens","url":"https:\/\/associaciogens.org\/","logo":{"@type":"ImageObject","inLanguage":"es","@id":"https:\/\/associaciogens.org\/#\/schema\/logo\/image\/","url":"https:\/\/associaciogens.org\/wp-content\/uploads\/2025\/03\/eit-2.png","contentUrl":"https:\/\/associaciogens.org\/wp-content\/uploads\/2025\/03\/eit-2.png","width":643,"height":142,"caption":"Gens"},"image":{"@id":"https:\/\/associaciogens.org\/#\/schema\/logo\/image\/"}}]}},"_links":{"self":[{"href":"https:\/\/associaciogens.org\/es\/wp-json\/wp\/v2\/product\/1111","targetHints":{"allow":["GET"]}}],"collection":[{"href":"https:\/\/associaciogens.org\/es\/wp-json\/wp\/v2\/product"}],"about":[{"href":"https:\/\/associaciogens.org\/es\/wp-json\/wp\/v2\/types\/product"}],"replies":[{"embeddable":true,"href":"https:\/\/associaciogens.org\/es\/wp-json\/wp\/v2\/comments?post=1111"}],"wp:featuredmedia":[{"embeddable":true,"href":"https:\/\/associaciogens.org\/es\/wp-json\/wp\/v2\/media\/1113"}],"wp:attachment":[{"href":"https:\/\/associaciogens.org\/es\/wp-json\/wp\/v2\/media?parent=1111"}],"wp:term":[{"taxonomy":"product_cat","embeddable":true,"href":"https:\/\/associaciogens.org\/es\/wp-json\/wp\/v2\/product_cat?post=1111"},{"taxonomy":"product_tag","embeddable":true,"href":"https:\/\/associaciogens.org\/es\/wp-json\/wp\/v2\/product_tag?post=1111"}],"curies":[{"name":"wp","href":"https:\/\/api.w.org\/{rel}","templated":true}]}}