{"id":1050,"date":"2023-11-25T13:03:57","date_gmt":"2023-11-25T13:03:57","guid":{"rendered":"https:\/\/associaciogens.org\/que-fem\/"},"modified":"2024-04-14T14:38:13","modified_gmt":"2024-04-14T14:38:13","slug":"que-hacemos","status":"publish","type":"page","link":"https:\/\/associaciogens.org\/es\/que-hacemos\/","title":{"rendered":"Qu\u00e9 hacemos"},"content":{"rendered":"\t\t<div data-elementor-type=\"wp-page\" data-elementor-id=\"1050\" class=\"elementor elementor-1050\">\n\t\t\t\t<div class=\"elementor-element elementor-element-772f9cd3 e-flex e-con-boxed e-con e-parent\" data-id=\"772f9cd3\" data-element_type=\"container\">\n\t\t\t\t\t<div class=\"e-con-inner\">\n\t\t\t\t<div class=\"elementor-element elementor-element-1dff4e47 elementor-widget elementor-widget-heading\" data-id=\"1dff4e47\" data-element_type=\"widget\" data-widget_type=\"heading.default\">\n\t\t\t\t<div class=\"elementor-widget-container\">\n\t\t\t\t\t<h1 class=\"elementor-heading-title elementor-size-default\">\u00bfQu\u00e9 hacemos?<\/h1>\t\t\t\t<\/div>\n\t\t\t\t<\/div>\n\t\t\t\t<div class=\"elementor-element elementor-element-5970654f elementor-widget-divider--view-line elementor-widget elementor-widget-divider\" data-id=\"5970654f\" data-element_type=\"widget\" data-widget_type=\"divider.default\">\n\t\t\t\t<div class=\"elementor-widget-container\">\n\t\t\t\t\t\t\t<div class=\"elementor-divider\">\n\t\t\t<span class=\"elementor-divider-separator\">\n\t\t\t\t\t\t<\/span>\n\t\t<\/div>\n\t\t\t\t\t\t<\/div>\n\t\t\t\t<\/div>\n\t\t\t\t\t<\/div>\n\t\t\t\t<\/div>\n\t\t<div class=\"elementor-element elementor-element-1dc577e e-con-full e-flex e-con e-parent\" data-id=\"1dc577e\" data-element_type=\"container\">\n\t\t\t\t<div class=\"elementor-element elementor-element-b32bb7e elementor-widget__width-inherit elementor-widget elementor-widget-image\" data-id=\"b32bb7e\" data-element_type=\"widget\" data-widget_type=\"image.default\">\n\t\t\t\t<div class=\"elementor-widget-container\">\n\t\t\t\t\t\t\t\t\t\t\t\t\t\t\t\t<a href=\"\/contacte\">\n\t\t\t\t\t\t\t<img fetchpriority=\"high\" decoding=\"async\" width=\"1200\" height=\"683\" src=\"https:\/\/associaciogens.org\/wp-content\/uploads\/2024\/01\/Gens-Top-imatge-seccions.jpg\" class=\"attachment-full size-full wp-image-603\" alt=\"\" srcset=\"https:\/\/associaciogens.org\/wp-content\/uploads\/2024\/01\/Gens-Top-imatge-seccions.jpg 1200w, https:\/\/associaciogens.org\/wp-content\/uploads\/2024\/01\/Gens-Top-imatge-seccions-300x171.jpg 300w, https:\/\/associaciogens.org\/wp-content\/uploads\/2024\/01\/Gens-Top-imatge-seccions-1024x583.jpg 1024w, https:\/\/associaciogens.org\/wp-content\/uploads\/2024\/01\/Gens-Top-imatge-seccions-768x437.jpg 768w, https:\/\/associaciogens.org\/wp-content\/uploads\/2024\/01\/Gens-Top-imatge-seccions-600x342.jpg 600w\" sizes=\"(max-width: 1200px) 100vw, 1200px\" \/>\t\t\t\t\t\t\t\t<\/a>\n\t\t\t\t\t\t\t\t\t\t\t\t\t\t\t<\/div>\n\t\t\t\t<\/div>\n\t\t\t\t<\/div>\n\t\t<div class=\"elementor-element elementor-element-417579c e-flex e-con-boxed e-con e-parent\" data-id=\"417579c\" data-element_type=\"container\">\n\t\t\t\t\t<div class=\"e-con-inner\">\n\t\t\t\t<div class=\"elementor-element elementor-element-8cff32c elementor-widget elementor-widget-text-editor\" data-id=\"8cff32c\" data-element_type=\"widget\" data-widget_type=\"text-editor.default\">\n\t\t\t\t<div class=\"elementor-widget-container\">\n\t\t\t\t\t\t\t\t\t<p>En octubre de 2019, en una peque\u00f1a mas\u00eda del Pened\u00e8s, Berta Garriga, su madre, Gl\u00f2ria Garriga, y Eduard Ferrer, decidimos fundar GENES.<\/p><p>Apasionados del territorio en el que vivimos y de todo lo que el entorno nos da y ense\u00f1a, nuestro objetivo es promover iniciativas rurales sostenibles para dar respuesta a los retos sociales, econ\u00f3micos y ambientales. Es entonces cuando en 2020 iniciamos un proyecto piloto de explotaci\u00f3n agroganadera y vida consciente en la finca de Can Ubach.<\/p><p>En alusi\u00f3n al concepto latino genes (clan, familia) nos convertimos en Gens una asociaci\u00f3n sin \u00e1nimo de lucro, acr\u00f3nimo de Grupo de Experimentaci\u00f3n en Naturismo y Sostenibilidad para evitarnos confusiones con quienes se dedican a los genes o los que no est\u00e1n nada de acuerdo con nosotros&#8230;<\/p><p>Desde entonces hemos impulsado otras actividades por la dinamizaci\u00f3n de nuestro territorio.<br \/>2022 &#8211; impulsamos el obrador colectivo del Pened\u00e8s, La Gatera<br \/>2023 &#8211; iniciamos el proyecto formativo de la Academia R\u00fastika<br \/>2023 &#8211; iniciamos el proyecto de custodia agraria en una nueva finca de Mediona, Can Gallego<br \/>2023 &#8211; iniciamos el proyecto Coobla<\/p><p>En estos momentos nos encontrar\u00e1 en Sant Joan de Mediona, aqu\u00ed es donde hemos trasladado nuestra sede y donde estamos cociendo nuestros proyectos. Investigamos y experimentamos para generar alternativas viables sostenibles, porque queremos convertirse en una herramienta de referencia a nivel auton\u00f3mico para la transici\u00f3n ecosocial.<\/p>\t\t\t\t\t\t\t\t<\/div>\n\t\t\t\t<\/div>\n\t\t\t\t\t<\/div>\n\t\t\t\t<\/div>\n\t\t<div class=\"elementor-element elementor-element-71c807e e-con-full e-flex e-con e-parent\" data-id=\"71c807e\" data-element_type=\"container\">\n\t\t\t\t<div class=\"elementor-element elementor-element-e4aca53 elementor-widget elementor-widget-heading\" data-id=\"e4aca53\" data-element_type=\"widget\" data-widget_type=\"heading.default\">\n\t\t\t\t<div class=\"elementor-widget-container\">\n\t\t\t\t\t<h2 class=\"elementor-heading-title elementor-size-default\">Innovamos y provocamos cambio.\n\u00a1Construimos!<\/h2>\t\t\t\t<\/div>\n\t\t\t\t<\/div>\n\t\t\t\t<\/div>\n\t\t\t\t<\/div>\n\t\t","protected":false},"excerpt":{"rendered":"<p>\u00bfQu\u00e9 hacemos? En octubre de 2019, en una peque\u00f1a mas\u00eda del Pened\u00e8s, Berta Garriga, su madre, Gl\u00f2ria Garriga, y Eduard Ferrer, decidimos fundar GENES. Apasionados del territorio en el que&hellip;&nbsp;<a href=\"https:\/\/associaciogens.org\/es\/que-hacemos\/\" rel=\"bookmark\">Leer m\u00e1s &raquo;<span class=\"screen-reader-text\">Qu\u00e9 hacemos<\/span><\/a><\/p>\n","protected":false},"author":1,"featured_media":0,"parent":0,"menu_order":0,"comment_status":"closed","ping_status":"closed","template":"","meta":{"neve_meta_sidebar":"","neve_meta_container":"","neve_meta_enable_content_width":"","neve_meta_content_width":0,"neve_meta_title_alignment":"","neve_meta_author_avatar":"","neve_post_elements_order":"","neve_meta_disable_header":"","neve_meta_disable_footer":"","neve_meta_disable_title":"","footnotes":""},"class_list":["post-1050","page","type-page","status-publish","hentry"],"yoast_head":"<!-- This site is optimized with the Yoast SEO plugin v24.2 - https:\/\/yoast.com\/wordpress\/plugins\/seo\/ -->\n<title>Qu\u00e9 hacemos - Gens<\/title>\n<meta name=\"robots\" content=\"index, follow, max-snippet:-1, max-image-preview:large, max-video-preview:-1\" \/>\n<link rel=\"canonical\" href=\"https:\/\/associaciogens.org\/es\/que-hacemos\/\" \/>\n<meta property=\"og:locale\" content=\"es_ES\" \/>\n<meta property=\"og:type\" content=\"article\" \/>\n<meta property=\"og:title\" content=\"Qu\u00e9 hacemos - Gens\" \/>\n<meta property=\"og:description\" content=\"\u00bfQu\u00e9 hacemos? En octubre de 2019, en una peque\u00f1a mas\u00eda del Pened\u00e8s, Berta Garriga, su madre, Gl\u00f2ria Garriga, y Eduard Ferrer, decidimos fundar GENES. Apasionados del territorio en el que&hellip;&nbsp;Leer m\u00e1s &raquo;Qu\u00e9 hacemos\" \/>\n<meta property=\"og:url\" content=\"https:\/\/associaciogens.org\/es\/que-hacemos\/\" \/>\n<meta property=\"og:site_name\" content=\"Gens\" \/>\n<meta property=\"article:modified_time\" content=\"2024-04-14T14:38:13+00:00\" \/>\n<meta property=\"og:image\" content=\"https:\/\/associaciogens.org\/wp-content\/uploads\/2024\/01\/Gens-Top-imatge-seccions.jpg\" \/>\n<meta name=\"twitter:card\" content=\"summary_large_image\" \/>\n<meta name=\"twitter:label1\" content=\"Tiempo de lectura\" \/>\n\t<meta name=\"twitter:data1\" content=\"2 minutos\" \/>\n<script type=\"application\/ld+json\" class=\"yoast-schema-graph\">{\"@context\":\"https:\/\/schema.org\",\"@graph\":[{\"@type\":\"WebPage\",\"@id\":\"https:\/\/associaciogens.org\/es\/que-hacemos\/\",\"url\":\"https:\/\/associaciogens.org\/es\/que-hacemos\/\",\"name\":\"Qu\u00e9 hacemos - Gens\",\"isPartOf\":{\"@id\":\"https:\/\/associaciogens.org\/#website\"},\"primaryImageOfPage\":{\"@id\":\"https:\/\/associaciogens.org\/es\/que-hacemos\/#primaryimage\"},\"image\":{\"@id\":\"https:\/\/associaciogens.org\/es\/que-hacemos\/#primaryimage\"},\"thumbnailUrl\":\"https:\/\/associaciogens.org\/wp-content\/uploads\/2024\/01\/Gens-Top-imatge-seccions.jpg\",\"datePublished\":\"2023-11-25T13:03:57+00:00\",\"dateModified\":\"2024-04-14T14:38:13+00:00\",\"breadcrumb\":{\"@id\":\"https:\/\/associaciogens.org\/es\/que-hacemos\/#breadcrumb\"},\"inLanguage\":\"es\",\"potentialAction\":[{\"@type\":\"ReadAction\",\"target\":[\"https:\/\/associaciogens.org\/es\/que-hacemos\/\"]}]},{\"@type\":\"ImageObject\",\"inLanguage\":\"es\",\"@id\":\"https:\/\/associaciogens.org\/es\/que-hacemos\/#primaryimage\",\"url\":\"https:\/\/associaciogens.org\/wp-content\/uploads\/2024\/01\/Gens-Top-imatge-seccions.jpg\",\"contentUrl\":\"https:\/\/associaciogens.org\/wp-content\/uploads\/2024\/01\/Gens-Top-imatge-seccions.jpg\"},{\"@type\":\"BreadcrumbList\",\"@id\":\"https:\/\/associaciogens.org\/es\/que-hacemos\/#breadcrumb\",\"itemListElement\":[{\"@type\":\"ListItem\",\"position\":1,\"name\":\"Home\",\"item\":\"https:\/\/associaciogens.org\/es\/\"},{\"@type\":\"ListItem\",\"position\":2,\"name\":\"Qu\u00e9 hacemos\"}]},{\"@type\":\"WebSite\",\"@id\":\"https:\/\/associaciogens.org\/#website\",\"url\":\"https:\/\/associaciogens.org\/\",\"name\":\"Gens\",\"description\":\"projectes transformadors al m\u00f3n rural\",\"publisher\":{\"@id\":\"https:\/\/associaciogens.org\/#organization\"},\"potentialAction\":[{\"@type\":\"SearchAction\",\"target\":{\"@type\":\"EntryPoint\",\"urlTemplate\":\"https:\/\/associaciogens.org\/?s={search_term_string}\"},\"query-input\":{\"@type\":\"PropertyValueSpecification\",\"valueRequired\":true,\"valueName\":\"search_term_string\"}}],\"inLanguage\":\"es\"},{\"@type\":\"Organization\",\"@id\":\"https:\/\/associaciogens.org\/#organization\",\"name\":\"Gens\",\"url\":\"https:\/\/associaciogens.org\/\",\"logo\":{\"@type\":\"ImageObject\",\"inLanguage\":\"es\",\"@id\":\"https:\/\/associaciogens.org\/#\/schema\/logo\/image\/\",\"url\":\"https:\/\/associaciogens.org\/wp-content\/uploads\/2025\/03\/eit-2.png\",\"contentUrl\":\"https:\/\/associaciogens.org\/wp-content\/uploads\/2025\/03\/eit-2.png\",\"width\":643,\"height\":142,\"caption\":\"Gens\"},\"image\":{\"@id\":\"https:\/\/associaciogens.org\/#\/schema\/logo\/image\/\"}}]}<\/script>\n<!-- \/ Yoast SEO plugin. -->","yoast_head_json":{"title":"Qu\u00e9 hacemos - Gens","robots":{"index":"index","follow":"follow","max-snippet":"max-snippet:-1","max-image-preview":"max-image-preview:large","max-video-preview":"max-video-preview:-1"},"canonical":"https:\/\/associaciogens.org\/es\/que-hacemos\/","og_locale":"es_ES","og_type":"article","og_title":"Qu\u00e9 hacemos - Gens","og_description":"\u00bfQu\u00e9 hacemos? En octubre de 2019, en una peque\u00f1a mas\u00eda del Pened\u00e8s, Berta Garriga, su madre, Gl\u00f2ria Garriga, y Eduard Ferrer, decidimos fundar GENES. Apasionados del territorio en el que&hellip;&nbsp;Leer m\u00e1s &raquo;Qu\u00e9 hacemos","og_url":"https:\/\/associaciogens.org\/es\/que-hacemos\/","og_site_name":"Gens","article_modified_time":"2024-04-14T14:38:13+00:00","og_image":[{"url":"https:\/\/associaciogens.org\/wp-content\/uploads\/2024\/01\/Gens-Top-imatge-seccions.jpg","type":"","width":"","height":""}],"twitter_card":"summary_large_image","twitter_misc":{"Tiempo de lectura":"2 minutos"},"schema":{"@context":"https:\/\/schema.org","@graph":[{"@type":"WebPage","@id":"https:\/\/associaciogens.org\/es\/que-hacemos\/","url":"https:\/\/associaciogens.org\/es\/que-hacemos\/","name":"Qu\u00e9 hacemos - Gens","isPartOf":{"@id":"https:\/\/associaciogens.org\/#website"},"primaryImageOfPage":{"@id":"https:\/\/associaciogens.org\/es\/que-hacemos\/#primaryimage"},"image":{"@id":"https:\/\/associaciogens.org\/es\/que-hacemos\/#primaryimage"},"thumbnailUrl":"https:\/\/associaciogens.org\/wp-content\/uploads\/2024\/01\/Gens-Top-imatge-seccions.jpg","datePublished":"2023-11-25T13:03:57+00:00","dateModified":"2024-04-14T14:38:13+00:00","breadcrumb":{"@id":"https:\/\/associaciogens.org\/es\/que-hacemos\/#breadcrumb"},"inLanguage":"es","potentialAction":[{"@type":"ReadAction","target":["https:\/\/associaciogens.org\/es\/que-hacemos\/"]}]},{"@type":"ImageObject","inLanguage":"es","@id":"https:\/\/associaciogens.org\/es\/que-hacemos\/#primaryimage","url":"https:\/\/associaciogens.org\/wp-content\/uploads\/2024\/01\/Gens-Top-imatge-seccions.jpg","contentUrl":"https:\/\/associaciogens.org\/wp-content\/uploads\/2024\/01\/Gens-Top-imatge-seccions.jpg"},{"@type":"BreadcrumbList","@id":"https:\/\/associaciogens.org\/es\/que-hacemos\/#breadcrumb","itemListElement":[{"@type":"ListItem","position":1,"name":"Home","item":"https:\/\/associaciogens.org\/es\/"},{"@type":"ListItem","position":2,"name":"Qu\u00e9 hacemos"}]},{"@type":"WebSite","@id":"https:\/\/associaciogens.org\/#website","url":"https:\/\/associaciogens.org\/","name":"Gens","description":"projectes transformadors al m\u00f3n rural","publisher":{"@id":"https:\/\/associaciogens.org\/#organization"},"potentialAction":[{"@type":"SearchAction","target":{"@type":"EntryPoint","urlTemplate":"https:\/\/associaciogens.org\/?s={search_term_string}"},"query-input":{"@type":"PropertyValueSpecification","valueRequired":true,"valueName":"search_term_string"}}],"inLanguage":"es"},{"@type":"Organization","@id":"https:\/\/associaciogens.org\/#organization","name":"Gens","url":"https:\/\/associaciogens.org\/","logo":{"@type":"ImageObject","inLanguage":"es","@id":"https:\/\/associaciogens.org\/#\/schema\/logo\/image\/","url":"https:\/\/associaciogens.org\/wp-content\/uploads\/2025\/03\/eit-2.png","contentUrl":"https:\/\/associaciogens.org\/wp-content\/uploads\/2025\/03\/eit-2.png","width":643,"height":142,"caption":"Gens"},"image":{"@id":"https:\/\/associaciogens.org\/#\/schema\/logo\/image\/"}}]}},"_links":{"self":[{"href":"https:\/\/associaciogens.org\/es\/wp-json\/wp\/v2\/pages\/1050","targetHints":{"allow":["GET"]}}],"collection":[{"href":"https:\/\/associaciogens.org\/es\/wp-json\/wp\/v2\/pages"}],"about":[{"href":"https:\/\/associaciogens.org\/es\/wp-json\/wp\/v2\/types\/page"}],"author":[{"embeddable":true,"href":"https:\/\/associaciogens.org\/es\/wp-json\/wp\/v2\/users\/1"}],"replies":[{"embeddable":true,"href":"https:\/\/associaciogens.org\/es\/wp-json\/wp\/v2\/comments?post=1050"}],"version-history":[{"count":5,"href":"https:\/\/associaciogens.org\/es\/wp-json\/wp\/v2\/pages\/1050\/revisions"}],"predecessor-version":[{"id":1071,"href":"https:\/\/associaciogens.org\/es\/wp-json\/wp\/v2\/pages\/1050\/revisions\/1071"}],"wp:attachment":[{"href":"https:\/\/associaciogens.org\/es\/wp-json\/wp\/v2\/media?parent=1050"}],"curies":[{"name":"wp","href":"https:\/\/api.w.org\/{rel}","templated":true}]}}