{"id":1048,"date":"2023-12-02T18:16:39","date_gmt":"2023-12-02T18:16:39","guid":{"rendered":"https:\/\/associaciogens.org\/qui-som\/"},"modified":"2024-04-14T14:38:21","modified_gmt":"2024-04-14T14:38:21","slug":"quienes-somos","status":"publish","type":"page","link":"https:\/\/associaciogens.org\/es\/quienes-somos\/","title":{"rendered":"Qui\u00e9nes somos"},"content":{"rendered":"\t\t<div data-elementor-type=\"wp-page\" data-elementor-id=\"1048\" class=\"elementor elementor-1048\">\n\t\t\t\t<div class=\"elementor-element elementor-element-75d6bd0f e-flex e-con-boxed e-con e-parent\" data-id=\"75d6bd0f\" data-element_type=\"container\">\n\t\t\t\t\t<div class=\"e-con-inner\">\n\t\t\t\t<div class=\"elementor-element elementor-element-771e996c elementor-widget elementor-widget-heading\" data-id=\"771e996c\" data-element_type=\"widget\" data-widget_type=\"heading.default\">\n\t\t\t\t<div class=\"elementor-widget-container\">\n\t\t\t\t\t<h1 class=\"elementor-heading-title elementor-size-default\">\u00a1Qui\u00e9nes somos!<\/h1>\t\t\t\t<\/div>\n\t\t\t\t<\/div>\n\t\t\t\t<div class=\"elementor-element elementor-element-4fa12b7f elementor-widget-divider--view-line elementor-widget elementor-widget-divider\" data-id=\"4fa12b7f\" data-element_type=\"widget\" data-widget_type=\"divider.default\">\n\t\t\t\t<div class=\"elementor-widget-container\">\n\t\t\t\t\t\t\t<div class=\"elementor-divider\">\n\t\t\t<span class=\"elementor-divider-separator\">\n\t\t\t\t\t\t<\/span>\n\t\t<\/div>\n\t\t\t\t\t\t<\/div>\n\t\t\t\t<\/div>\n\t\t\t\t\t<\/div>\n\t\t\t\t<\/div>\n\t\t<div class=\"elementor-element elementor-element-3ce1910a e-con-full e-flex e-con e-parent\" data-id=\"3ce1910a\" data-element_type=\"container\">\n\t\t\t\t<div class=\"elementor-element elementor-element-35bf5f06 elementor-widget elementor-widget-image\" data-id=\"35bf5f06\" data-element_type=\"widget\" data-widget_type=\"image.default\">\n\t\t\t\t<div class=\"elementor-widget-container\">\n\t\t\t\t\t\t\t\t\t\t\t\t\t\t\t\t<a href=\"\/contacte\">\n\t\t\t\t\t\t\t<img fetchpriority=\"high\" decoding=\"async\" width=\"1200\" height=\"683\" src=\"https:\/\/associaciogens.org\/wp-content\/uploads\/2024\/01\/Equip-Gens-1.jpg\" class=\"attachment-full size-full wp-image-853\" alt=\"\" srcset=\"https:\/\/associaciogens.org\/wp-content\/uploads\/2024\/01\/Equip-Gens-1.jpg 1200w, https:\/\/associaciogens.org\/wp-content\/uploads\/2024\/01\/Equip-Gens-1-300x171.jpg 300w, https:\/\/associaciogens.org\/wp-content\/uploads\/2024\/01\/Equip-Gens-1-1024x583.jpg 1024w, https:\/\/associaciogens.org\/wp-content\/uploads\/2024\/01\/Equip-Gens-1-768x437.jpg 768w, https:\/\/associaciogens.org\/wp-content\/uploads\/2024\/01\/Equip-Gens-1-600x342.jpg 600w\" sizes=\"(max-width: 1200px) 100vw, 1200px\" \/>\t\t\t\t\t\t\t\t<\/a>\n\t\t\t\t\t\t\t\t\t\t\t\t\t\t\t<\/div>\n\t\t\t\t<\/div>\n\t\t\t\t<\/div>\n\t\t<div class=\"elementor-element elementor-element-2a01a51b e-flex e-con-boxed e-con e-parent\" data-id=\"2a01a51b\" data-element_type=\"container\">\n\t\t\t\t\t<div class=\"e-con-inner\">\n\t\t\t\t<div class=\"elementor-element elementor-element-42857c83 elementor-widget elementor-widget-text-editor\" data-id=\"42857c83\" data-element_type=\"widget\" data-widget_type=\"text-editor.default\">\n\t\t\t\t<div class=\"elementor-widget-container\">\n\t\t\t\t\t\t\t\t\t<p>Formamos parte de GENS las socias y cuerpo t\u00e9cnico. Las socias participan de los \u00f3rganos rectores Asamblea General y Junta Directiva. Los estamentos operativos se encargan de ejecutar el mandato de la Junta Directiva de acuerdo con las decisiones tomadas por la Asamblea General.<\/p>\t\t\t\t\t\t\t\t<\/div>\n\t\t\t\t<\/div>\n\t\t\t\t<div class=\"elementor-element elementor-element-24b6d7a6 elementor-widget elementor-widget-heading\" data-id=\"24b6d7a6\" data-element_type=\"widget\" data-widget_type=\"heading.default\">\n\t\t\t\t<div class=\"elementor-widget-container\">\n\t\t\t\t\t<h6 class=\"elementor-heading-title elementor-size-default\">Gens, Grupo de Experimentaci\u00f3n en Naturismo y Sostenibilidad, es una asociaci\u00f3n de esp\u00edritu rural con sede en el municipio de Font-Rub\u00ed<\/h6>\t\t\t\t<\/div>\n\t\t\t\t<\/div>\n\t\t\t\t<div class=\"elementor-element elementor-element-b40d331 elementor-widget elementor-widget-text-editor\" data-id=\"b40d331\" data-element_type=\"widget\" data-widget_type=\"text-editor.default\">\n\t\t\t\t<div class=\"elementor-widget-container\">\n\t\t\t\t\t\t\t\t\t<p>Los t\u00e9cnicos de la organizaci\u00f3n desarrollamos diversas especialidades englobadas en distintos \u00e1mbitos funcionales: direcci\u00f3n, finanzas, relaciones institucionales, proyectos, comunicaci\u00f3n, administraci\u00f3n, abastecimiento, ventas y producci\u00f3n.<\/p>\t\t\t\t\t\t\t\t<\/div>\n\t\t\t\t<\/div>\n\t\t\t\t\t<\/div>\n\t\t\t\t<\/div>\n\t\t<div class=\"elementor-element elementor-element-31a104d1 e-con-full e-flex e-con e-parent\" data-id=\"31a104d1\" data-element_type=\"container\">\n\t\t\t\t<div class=\"elementor-element elementor-element-21b119d7 elementor-widget elementor-widget-heading\" data-id=\"21b119d7\" data-element_type=\"widget\" data-widget_type=\"heading.default\">\n\t\t\t\t<div class=\"elementor-widget-container\">\n\t\t\t\t\t<h2 class=\"elementor-heading-title elementor-size-default\">Facilitamos iniciativas colectivas en la Econom\u00eda Social y Solidaria.<\/h2>\t\t\t\t<\/div>\n\t\t\t\t<\/div>\n\t\t\t\t<\/div>\n\t\t<div class=\"elementor-element elementor-element-9a93be6 e-flex e-con-boxed e-con e-parent\" data-id=\"9a93be6\" data-element_type=\"container\">\n\t\t\t\t\t<div class=\"e-con-inner\">\n\t\t<div class=\"elementor-element elementor-element-de99bbb e-flex e-con-boxed e-con e-child\" data-id=\"de99bbb\" data-element_type=\"container\">\n\t\t\t\t\t<div class=\"e-con-inner\">\n\t\t\t\t<div class=\"elementor-element elementor-element-38119af elementor-widget elementor-widget-heading\" data-id=\"38119af\" data-element_type=\"widget\" data-widget_type=\"heading.default\">\n\t\t\t\t<div class=\"elementor-widget-container\">\n\t\t\t\t\t<h2 class=\"elementor-heading-title elementor-size-default\">EQUIPO\n<\/BR>Para personas apasionadas, como nosotros, por el decrecimiento, la arqueolog\u00eda experimental y la autosuficiencia radical<\/h2>\t\t\t\t<\/div>\n\t\t\t\t<\/div>\n\t\t\t\t<div class=\"elementor-element elementor-element-eb81e41 elementor-widget elementor-widget-text-editor\" data-id=\"eb81e41\" data-element_type=\"widget\" data-widget_type=\"text-editor.default\">\n\t\t\t\t<div class=\"elementor-widget-container\">\n\t\t\t\t\t\t\t\t\t<p><strong>Eduard Ferrer<\/strong><br \/>Padre de dos criaturas e ingeniero t\u00e9cnico en aeron\u00e1utica.<br \/>Es miembro fundador de la asociaci\u00f3n GENS.<br \/>Experiencia en direcci\u00f3n, gesti\u00f3n econ\u00f3mica, dinamizaci\u00f3n rural, emprendimiento, captaci\u00f3n de fondos, comunicaci\u00f3n y pr\u00e1cticas regenerativas.<\/p><p><strong>Ricard Morat\u00f3<\/strong><br \/>Graduado en arquitectura por la Universidad Polit\u00e9cnica de Catalunya y con un posgrado en gesti\u00f3n de infraestructuras de emergencia.<br \/>Con vocaci\u00f3n por el dise\u00f1o, construcci\u00f3n y oficios manuales.<br \/>Interesado en la arquitectura sostenible, sus dise\u00f1os consideran la optimizaci\u00f3n de recursos naturales para minimizar el impacto ambiental de la construcci\u00f3n.<br \/>Ha participado en diversas formaciones de gesti\u00f3n de equipos y empresas.<\/p><p><strong>Lucie Lafleur<\/strong><br \/>Graduada en Biolog\u00eda por la Universidad de Guadalajara.<br \/>M\u00e1ster de ecolog\u00eda y etolog\u00eda por la Universidad Jean Monnet Saint-Etienne.<br \/>Tiene experiencia y ha participado activamente en iniciativas de la econom\u00eda social y solidaria.<br \/>Se ocupa del proyecto de Academia Rustika, el hub formativo de la entidad<\/p><p><strong>Alba Zumel<\/strong><br \/>Graduada en Biolog\u00eda Ambiental por la Universidad Aut\u00f3noma de Barcelona<br \/>M\u00e1ster interuniversitario de Agrobiolog\u00eda por la Universidad P\u00fablica de Navarra y la Universidad del Pa\u00eds Vasco para la gesti\u00f3n sostenible de agroecosistemas y bosques en el actual contexto de cambio clim\u00e1tico.<\/p><p><strong>Adoraci\u00f3n Ju\u00e1rez<\/strong><br \/>Formaci\u00f3 Professional de Grau Superior en Administraci\u00f3 i gesti\u00f3 d&#8217;empreses.<br \/>Formaci\u00f3 Professional de Grau Mitj\u00e0 com a Auxiliar administrativa i secret\u00e0ria.<br \/>Amb anys d&#8217;experi\u00e8ncia en tasques administratives, coneix a la perfecci\u00f3 el funcionament de l&#8217;empresa.<\/p>\t\t\t\t\t\t\t\t<\/div>\n\t\t\t\t<\/div>\n\t\t\t\t\t<\/div>\n\t\t\t\t<\/div>\n\t\t\t\t\t<\/div>\n\t\t\t\t<\/div>\n\t\t\t\t<\/div>\n\t\t","protected":false},"excerpt":{"rendered":"<p>\u00a1Qui\u00e9nes somos! Formamos parte de GENS las socias y cuerpo t\u00e9cnico. Las socias participan de los \u00f3rganos rectores Asamblea General y Junta Directiva. Los estamentos operativos se encargan de ejecutar&hellip;&nbsp;<a href=\"https:\/\/associaciogens.org\/es\/quienes-somos\/\" rel=\"bookmark\">Leer m\u00e1s &raquo;<span class=\"screen-reader-text\">Qui\u00e9nes somos<\/span><\/a><\/p>\n","protected":false},"author":1,"featured_media":0,"parent":0,"menu_order":0,"comment_status":"closed","ping_status":"closed","template":"","meta":{"neve_meta_sidebar":"","neve_meta_container":"","neve_meta_enable_content_width":"","neve_meta_content_width":0,"neve_meta_title_alignment":"","neve_meta_author_avatar":"","neve_post_elements_order":"","neve_meta_disable_header":"","neve_meta_disable_footer":"","neve_meta_disable_title":"","footnotes":""},"class_list":["post-1048","page","type-page","status-publish","hentry"],"yoast_head":"<!-- This site is optimized with the Yoast SEO plugin v24.2 - https:\/\/yoast.com\/wordpress\/plugins\/seo\/ -->\n<title>Qui\u00e9nes somos - Gens<\/title>\n<meta name=\"robots\" content=\"index, follow, max-snippet:-1, max-image-preview:large, max-video-preview:-1\" \/>\n<link rel=\"canonical\" href=\"https:\/\/associaciogens.org\/es\/quienes-somos\/\" \/>\n<meta property=\"og:locale\" content=\"es_ES\" \/>\n<meta property=\"og:type\" content=\"article\" \/>\n<meta property=\"og:title\" content=\"Qui\u00e9nes somos - Gens\" \/>\n<meta property=\"og:description\" content=\"\u00a1Qui\u00e9nes somos! Formamos parte de GENS las socias y cuerpo t\u00e9cnico. Las socias participan de los \u00f3rganos rectores Asamblea General y Junta Directiva. Los estamentos operativos se encargan de ejecutar&hellip;&nbsp;Leer m\u00e1s &raquo;Qui\u00e9nes somos\" \/>\n<meta property=\"og:url\" content=\"https:\/\/associaciogens.org\/es\/quienes-somos\/\" \/>\n<meta property=\"og:site_name\" content=\"Gens\" \/>\n<meta property=\"article:modified_time\" content=\"2024-04-14T14:38:21+00:00\" \/>\n<meta property=\"og:image\" content=\"https:\/\/associaciogens.org\/wp-content\/uploads\/2024\/01\/Equip-Gens-1.jpg\" \/>\n<meta name=\"twitter:card\" content=\"summary_large_image\" \/>\n<meta name=\"twitter:label1\" content=\"Tiempo de lectura\" \/>\n\t<meta name=\"twitter:data1\" content=\"3 minutos\" \/>\n<script type=\"application\/ld+json\" class=\"yoast-schema-graph\">{\"@context\":\"https:\/\/schema.org\",\"@graph\":[{\"@type\":\"WebPage\",\"@id\":\"https:\/\/associaciogens.org\/es\/quienes-somos\/\",\"url\":\"https:\/\/associaciogens.org\/es\/quienes-somos\/\",\"name\":\"Qui\u00e9nes somos - Gens\",\"isPartOf\":{\"@id\":\"https:\/\/associaciogens.org\/#website\"},\"primaryImageOfPage\":{\"@id\":\"https:\/\/associaciogens.org\/es\/quienes-somos\/#primaryimage\"},\"image\":{\"@id\":\"https:\/\/associaciogens.org\/es\/quienes-somos\/#primaryimage\"},\"thumbnailUrl\":\"https:\/\/associaciogens.org\/wp-content\/uploads\/2024\/01\/Equip-Gens-1.jpg\",\"datePublished\":\"2023-12-02T18:16:39+00:00\",\"dateModified\":\"2024-04-14T14:38:21+00:00\",\"breadcrumb\":{\"@id\":\"https:\/\/associaciogens.org\/es\/quienes-somos\/#breadcrumb\"},\"inLanguage\":\"es\",\"potentialAction\":[{\"@type\":\"ReadAction\",\"target\":[\"https:\/\/associaciogens.org\/es\/quienes-somos\/\"]}]},{\"@type\":\"ImageObject\",\"inLanguage\":\"es\",\"@id\":\"https:\/\/associaciogens.org\/es\/quienes-somos\/#primaryimage\",\"url\":\"https:\/\/associaciogens.org\/wp-content\/uploads\/2024\/01\/Equip-Gens-1.jpg\",\"contentUrl\":\"https:\/\/associaciogens.org\/wp-content\/uploads\/2024\/01\/Equip-Gens-1.jpg\"},{\"@type\":\"BreadcrumbList\",\"@id\":\"https:\/\/associaciogens.org\/es\/quienes-somos\/#breadcrumb\",\"itemListElement\":[{\"@type\":\"ListItem\",\"position\":1,\"name\":\"Home\",\"item\":\"https:\/\/associaciogens.org\/es\/\"},{\"@type\":\"ListItem\",\"position\":2,\"name\":\"Qui\u00e9nes somos\"}]},{\"@type\":\"WebSite\",\"@id\":\"https:\/\/associaciogens.org\/#website\",\"url\":\"https:\/\/associaciogens.org\/\",\"name\":\"Gens\",\"description\":\"projectes transformadors al m\u00f3n rural\",\"publisher\":{\"@id\":\"https:\/\/associaciogens.org\/#organization\"},\"potentialAction\":[{\"@type\":\"SearchAction\",\"target\":{\"@type\":\"EntryPoint\",\"urlTemplate\":\"https:\/\/associaciogens.org\/?s={search_term_string}\"},\"query-input\":{\"@type\":\"PropertyValueSpecification\",\"valueRequired\":true,\"valueName\":\"search_term_string\"}}],\"inLanguage\":\"es\"},{\"@type\":\"Organization\",\"@id\":\"https:\/\/associaciogens.org\/#organization\",\"name\":\"Gens\",\"url\":\"https:\/\/associaciogens.org\/\",\"logo\":{\"@type\":\"ImageObject\",\"inLanguage\":\"es\",\"@id\":\"https:\/\/associaciogens.org\/#\/schema\/logo\/image\/\",\"url\":\"https:\/\/associaciogens.org\/wp-content\/uploads\/2025\/03\/eit-2.png\",\"contentUrl\":\"https:\/\/associaciogens.org\/wp-content\/uploads\/2025\/03\/eit-2.png\",\"width\":643,\"height\":142,\"caption\":\"Gens\"},\"image\":{\"@id\":\"https:\/\/associaciogens.org\/#\/schema\/logo\/image\/\"}}]}<\/script>\n<!-- \/ Yoast SEO plugin. -->","yoast_head_json":{"title":"Qui\u00e9nes somos - Gens","robots":{"index":"index","follow":"follow","max-snippet":"max-snippet:-1","max-image-preview":"max-image-preview:large","max-video-preview":"max-video-preview:-1"},"canonical":"https:\/\/associaciogens.org\/es\/quienes-somos\/","og_locale":"es_ES","og_type":"article","og_title":"Qui\u00e9nes somos - Gens","og_description":"\u00a1Qui\u00e9nes somos! Formamos parte de GENS las socias y cuerpo t\u00e9cnico. Las socias participan de los \u00f3rganos rectores Asamblea General y Junta Directiva. Los estamentos operativos se encargan de ejecutar&hellip;&nbsp;Leer m\u00e1s &raquo;Qui\u00e9nes somos","og_url":"https:\/\/associaciogens.org\/es\/quienes-somos\/","og_site_name":"Gens","article_modified_time":"2024-04-14T14:38:21+00:00","og_image":[{"url":"https:\/\/associaciogens.org\/wp-content\/uploads\/2024\/01\/Equip-Gens-1.jpg","type":"","width":"","height":""}],"twitter_card":"summary_large_image","twitter_misc":{"Tiempo de lectura":"3 minutos"},"schema":{"@context":"https:\/\/schema.org","@graph":[{"@type":"WebPage","@id":"https:\/\/associaciogens.org\/es\/quienes-somos\/","url":"https:\/\/associaciogens.org\/es\/quienes-somos\/","name":"Qui\u00e9nes somos - Gens","isPartOf":{"@id":"https:\/\/associaciogens.org\/#website"},"primaryImageOfPage":{"@id":"https:\/\/associaciogens.org\/es\/quienes-somos\/#primaryimage"},"image":{"@id":"https:\/\/associaciogens.org\/es\/quienes-somos\/#primaryimage"},"thumbnailUrl":"https:\/\/associaciogens.org\/wp-content\/uploads\/2024\/01\/Equip-Gens-1.jpg","datePublished":"2023-12-02T18:16:39+00:00","dateModified":"2024-04-14T14:38:21+00:00","breadcrumb":{"@id":"https:\/\/associaciogens.org\/es\/quienes-somos\/#breadcrumb"},"inLanguage":"es","potentialAction":[{"@type":"ReadAction","target":["https:\/\/associaciogens.org\/es\/quienes-somos\/"]}]},{"@type":"ImageObject","inLanguage":"es","@id":"https:\/\/associaciogens.org\/es\/quienes-somos\/#primaryimage","url":"https:\/\/associaciogens.org\/wp-content\/uploads\/2024\/01\/Equip-Gens-1.jpg","contentUrl":"https:\/\/associaciogens.org\/wp-content\/uploads\/2024\/01\/Equip-Gens-1.jpg"},{"@type":"BreadcrumbList","@id":"https:\/\/associaciogens.org\/es\/quienes-somos\/#breadcrumb","itemListElement":[{"@type":"ListItem","position":1,"name":"Home","item":"https:\/\/associaciogens.org\/es\/"},{"@type":"ListItem","position":2,"name":"Qui\u00e9nes somos"}]},{"@type":"WebSite","@id":"https:\/\/associaciogens.org\/#website","url":"https:\/\/associaciogens.org\/","name":"Gens","description":"projectes transformadors al m\u00f3n rural","publisher":{"@id":"https:\/\/associaciogens.org\/#organization"},"potentialAction":[{"@type":"SearchAction","target":{"@type":"EntryPoint","urlTemplate":"https:\/\/associaciogens.org\/?s={search_term_string}"},"query-input":{"@type":"PropertyValueSpecification","valueRequired":true,"valueName":"search_term_string"}}],"inLanguage":"es"},{"@type":"Organization","@id":"https:\/\/associaciogens.org\/#organization","name":"Gens","url":"https:\/\/associaciogens.org\/","logo":{"@type":"ImageObject","inLanguage":"es","@id":"https:\/\/associaciogens.org\/#\/schema\/logo\/image\/","url":"https:\/\/associaciogens.org\/wp-content\/uploads\/2025\/03\/eit-2.png","contentUrl":"https:\/\/associaciogens.org\/wp-content\/uploads\/2025\/03\/eit-2.png","width":643,"height":142,"caption":"Gens"},"image":{"@id":"https:\/\/associaciogens.org\/#\/schema\/logo\/image\/"}}]}},"_links":{"self":[{"href":"https:\/\/associaciogens.org\/es\/wp-json\/wp\/v2\/pages\/1048","targetHints":{"allow":["GET"]}}],"collection":[{"href":"https:\/\/associaciogens.org\/es\/wp-json\/wp\/v2\/pages"}],"about":[{"href":"https:\/\/associaciogens.org\/es\/wp-json\/wp\/v2\/types\/page"}],"author":[{"embeddable":true,"href":"https:\/\/associaciogens.org\/es\/wp-json\/wp\/v2\/users\/1"}],"replies":[{"embeddable":true,"href":"https:\/\/associaciogens.org\/es\/wp-json\/wp\/v2\/comments?post=1048"}],"version-history":[{"count":5,"href":"https:\/\/associaciogens.org\/es\/wp-json\/wp\/v2\/pages\/1048\/revisions"}],"predecessor-version":[{"id":1069,"href":"https:\/\/associaciogens.org\/es\/wp-json\/wp\/v2\/pages\/1048\/revisions\/1069"}],"wp:attachment":[{"href":"https:\/\/associaciogens.org\/es\/wp-json\/wp\/v2\/media?parent=1048"}],"curies":[{"name":"wp","href":"https:\/\/api.w.org\/{rel}","templated":true}]}}