{"id":1046,"date":"2023-11-25T13:00:06","date_gmt":"2023-11-25T13:00:06","guid":{"rendered":"https:\/\/associaciogens.org\/inici\/"},"modified":"2025-02-08T12:37:39","modified_gmt":"2025-02-08T12:37:39","slug":"inici","status":"publish","type":"page","link":"https:\/\/associaciogens.org\/es\/","title":{"rendered":"Inici"},"content":{"rendered":"\t\t<div data-elementor-type=\"wp-page\" data-elementor-id=\"1046\" class=\"elementor elementor-1046\">\n\t\t\t\t<div class=\"elementor-element elementor-element-73c03843 e-flex e-con-boxed e-con e-parent\" data-id=\"73c03843\" data-element_type=\"container\">\n\t\t\t\t\t<div class=\"e-con-inner\">\n\t\t\t\t<div class=\"elementor-element elementor-element-5ee91ae elementor-widget elementor-widget-heading\" data-id=\"5ee91ae\" data-element_type=\"widget\" data-widget_type=\"heading.default\">\n\t\t\t\t<div class=\"elementor-widget-container\">\n\t\t\t\t\t<h1 class=\"elementor-heading-title elementor-size-default\">INICIATIVES RURALS SOSTENIBLES PER DONAR RESPOSTA ALS REPTES SOCIALS, ECON\u00d2MICS I AMBIENTALS<\/h1>\t\t\t\t<\/div>\n\t\t\t\t<\/div>\n\t\t\t\t\t<\/div>\n\t\t\t\t<\/div>\n\t\t<div class=\"elementor-element elementor-element-7e28d63 e-flex e-con-boxed e-con e-parent\" data-id=\"7e28d63\" data-element_type=\"container\">\n\t\t\t\t\t<div class=\"e-con-inner\">\n\t\t<div class=\"elementor-element elementor-element-7367a5b e-con-full e-flex e-con e-child\" data-id=\"7367a5b\" data-element_type=\"container\">\n\t\t\t\t<div class=\"elementor-element elementor-element-ab9de2b elementor-widget elementor-widget-heading\" data-id=\"ab9de2b\" data-element_type=\"widget\" data-widget_type=\"heading.default\">\n\t\t\t\t<div class=\"elementor-widget-container\">\n\t\t\t\t\t<h3 class=\"elementor-heading-title elementor-size-default\">Qu\u00e8 fem?<\/h3>\t\t\t\t<\/div>\n\t\t\t\t<\/div>\n\t\t\t\t<div class=\"elementor-element elementor-element-8fd3a74 elementor-widget elementor-widget-image\" data-id=\"8fd3a74\" data-element_type=\"widget\" data-widget_type=\"image.default\">\n\t\t\t\t<div class=\"elementor-widget-container\">\n\t\t\t\t\t\t\t\t\t\t\t\t\t\t\t\t<a href=\"\/que-fem\">\n\t\t\t\t\t\t\t<img fetchpriority=\"high\" decoding=\"async\" width=\"600\" height=\"600\" src=\"https:\/\/associaciogens.org\/wp-content\/uploads\/2024\/04\/gens.jpg\" class=\"attachment-large size-large wp-image-1014\" alt=\"\" srcset=\"https:\/\/associaciogens.org\/wp-content\/uploads\/2024\/04\/gens.jpg 600w, https:\/\/associaciogens.org\/wp-content\/uploads\/2024\/04\/gens-300x300.jpg 300w, https:\/\/associaciogens.org\/wp-content\/uploads\/2024\/04\/gens-150x150.jpg 150w, https:\/\/associaciogens.org\/wp-content\/uploads\/2024\/04\/gens-100x100.jpg 100w\" sizes=\"(max-width: 600px) 100vw, 600px\" \/>\t\t\t\t\t\t\t\t<\/a>\n\t\t\t\t\t\t\t\t\t\t\t\t\t\t\t<\/div>\n\t\t\t\t<\/div>\n\t\t\t\t<\/div>\n\t\t<div class=\"elementor-element elementor-element-7bd5b8e e-con-full e-flex e-con e-child\" data-id=\"7bd5b8e\" data-element_type=\"container\">\n\t\t\t\t<div class=\"elementor-element elementor-element-527b560 elementor-widget elementor-widget-heading\" data-id=\"527b560\" data-element_type=\"widget\" data-widget_type=\"heading.default\">\n\t\t\t\t<div class=\"elementor-widget-container\">\n\t\t\t\t\t<h3 class=\"elementor-heading-title elementor-size-default\">Qui som!<\/h3>\t\t\t\t<\/div>\n\t\t\t\t<\/div>\n\t\t\t\t<div class=\"elementor-element elementor-element-9a4610e elementor-widget elementor-widget-image\" data-id=\"9a4610e\" data-element_type=\"widget\" data-widget_type=\"image.default\">\n\t\t\t\t<div class=\"elementor-widget-container\">\n\t\t\t\t\t\t\t\t\t\t\t\t\t\t\t\t<a href=\"\/qui-som\">\n\t\t\t\t\t\t\t<img decoding=\"async\" width=\"600\" height=\"600\" src=\"https:\/\/associaciogens.org\/wp-content\/uploads\/2024\/04\/gens-1.jpg\" class=\"attachment-large size-large wp-image-1015\" alt=\"\" srcset=\"https:\/\/associaciogens.org\/wp-content\/uploads\/2024\/04\/gens-1.jpg 600w, https:\/\/associaciogens.org\/wp-content\/uploads\/2024\/04\/gens-1-300x300.jpg 300w, https:\/\/associaciogens.org\/wp-content\/uploads\/2024\/04\/gens-1-150x150.jpg 150w, https:\/\/associaciogens.org\/wp-content\/uploads\/2024\/04\/gens-1-100x100.jpg 100w\" sizes=\"(max-width: 600px) 100vw, 600px\" \/>\t\t\t\t\t\t\t\t<\/a>\n\t\t\t\t\t\t\t\t\t\t\t\t\t\t\t<\/div>\n\t\t\t\t<\/div>\n\t\t\t\t<\/div>\n\t\t\t\t\t<\/div>\n\t\t\t\t<\/div>\n\t\t<div class=\"elementor-element elementor-element-793fa58 e-flex e-con-boxed e-con e-parent\" data-id=\"793fa58\" data-element_type=\"container\">\n\t\t\t\t\t<div class=\"e-con-inner\">\n\t\t<div class=\"elementor-element elementor-element-36989cf e-con-full e-flex e-con e-child\" data-id=\"36989cf\" data-element_type=\"container\">\n\t\t\t\t<div class=\"elementor-element elementor-element-c0958b5 elementor-widget elementor-widget-heading\" data-id=\"c0958b5\" data-element_type=\"widget\" data-widget_type=\"heading.default\">\n\t\t\t\t<div class=\"elementor-widget-container\">\n\t\t\t\t\t<h3 class=\"elementor-heading-title elementor-size-default\">Col\u00b7laboradors<\/h3>\t\t\t\t<\/div>\n\t\t\t\t<\/div>\n\t\t\t\t<div class=\"elementor-element elementor-element-93a6abb elementor-widget elementor-widget-image\" data-id=\"93a6abb\" data-element_type=\"widget\" data-widget_type=\"image.default\">\n\t\t\t\t<div class=\"elementor-widget-container\">\n\t\t\t\t\t\t\t\t\t\t\t\t\t\t\t\t<a href=\"\/col\u00b7laboradors\">\n\t\t\t\t\t\t\t<img decoding=\"async\" width=\"600\" height=\"600\" src=\"https:\/\/associaciogens.org\/wp-content\/uploads\/2024\/04\/gens3.jpg\" class=\"attachment-large size-large wp-image-1016\" alt=\"\" srcset=\"https:\/\/associaciogens.org\/wp-content\/uploads\/2024\/04\/gens3.jpg 600w, https:\/\/associaciogens.org\/wp-content\/uploads\/2024\/04\/gens3-300x300.jpg 300w, https:\/\/associaciogens.org\/wp-content\/uploads\/2024\/04\/gens3-150x150.jpg 150w, https:\/\/associaciogens.org\/wp-content\/uploads\/2024\/04\/gens3-100x100.jpg 100w\" sizes=\"(max-width: 600px) 100vw, 600px\" \/>\t\t\t\t\t\t\t\t<\/a>\n\t\t\t\t\t\t\t\t\t\t\t\t\t\t\t<\/div>\n\t\t\t\t<\/div>\n\t\t\t\t<\/div>\n\t\t<div class=\"elementor-element elementor-element-3d04b93 e-con-full e-flex e-con e-child\" data-id=\"3d04b93\" data-element_type=\"container\">\n\t\t\t\t<div class=\"elementor-element elementor-element-b8951c1 elementor-widget elementor-widget-heading\" data-id=\"b8951c1\" data-element_type=\"widget\" data-widget_type=\"heading.default\">\n\t\t\t\t<div class=\"elementor-widget-container\">\n\t\t\t\t\t<h3 class=\"elementor-heading-title elementor-size-default\">Acad\u00e8mia Rustika<\/h3>\t\t\t\t<\/div>\n\t\t\t\t<\/div>\n\t\t\t\t<div class=\"elementor-element elementor-element-fe508ea elementor-widget elementor-widget-image\" data-id=\"fe508ea\" data-element_type=\"widget\" data-widget_type=\"image.default\">\n\t\t\t\t<div class=\"elementor-widget-container\">\n\t\t\t\t\t\t\t\t\t\t\t\t\t\t\t\t<a href=\"\/academia-rustika\/\">\n\t\t\t\t\t\t\t<img loading=\"lazy\" decoding=\"async\" width=\"600\" height=\"600\" src=\"https:\/\/associaciogens.org\/wp-content\/uploads\/2024\/04\/gens-2.jpg\" class=\"attachment-large size-large wp-image-1017\" alt=\"\" srcset=\"https:\/\/associaciogens.org\/wp-content\/uploads\/2024\/04\/gens-2.jpg 600w, https:\/\/associaciogens.org\/wp-content\/uploads\/2024\/04\/gens-2-300x300.jpg 300w, https:\/\/associaciogens.org\/wp-content\/uploads\/2024\/04\/gens-2-150x150.jpg 150w, https:\/\/associaciogens.org\/wp-content\/uploads\/2024\/04\/gens-2-100x100.jpg 100w\" sizes=\"(max-width: 600px) 100vw, 600px\" \/>\t\t\t\t\t\t\t\t<\/a>\n\t\t\t\t\t\t\t\t\t\t\t\t\t\t\t<\/div>\n\t\t\t\t<\/div>\n\t\t\t\t<\/div>\n\t\t\t\t\t<\/div>\n\t\t\t\t<\/div>\n\t\t\t\t<\/div>\n\t\t","protected":false},"excerpt":{"rendered":"<p>INICIATIVES RURALS SOSTENIBLES PER DONAR RESPOSTA ALS REPTES SOCIALS, ECON\u00d2MICS I AMBIENTALS Qu\u00e8 fem? Qui som! Col\u00b7laboradors Acad\u00e8mia Rustika<\/p>\n","protected":false},"author":1,"featured_media":0,"parent":0,"menu_order":0,"comment_status":"closed","ping_status":"closed","template":"page-templates\/template-pagebuilder-full-width.php","meta":{"neve_meta_sidebar":"","neve_meta_container":"","neve_meta_enable_content_width":"","neve_meta_content_width":0,"neve_meta_title_alignment":"","neve_meta_author_avatar":"","neve_post_elements_order":"","neve_meta_disable_header":"","neve_meta_disable_footer":"","neve_meta_disable_title":"","footnotes":""},"class_list":["post-1046","page","type-page","status-publish","hentry"],"yoast_head":"<!-- This site is optimized with the Yoast SEO plugin v24.2 - https:\/\/yoast.com\/wordpress\/plugins\/seo\/ -->\n<title>GENS - Grup d\u2019Experimentaci\u00f3 en Naturisme i Sostenibilitat<\/title>\n<meta name=\"description\" content=\"El nostre objectiu \u00e9s promoure iniciatives rurals sostenibles per donar resposta als reptes socials, econ\u00f2mics i ambientals.\" \/>\n<meta name=\"robots\" content=\"index, follow, max-snippet:-1, max-image-preview:large, max-video-preview:-1\" \/>\n<link rel=\"canonical\" href=\"https:\/\/associaciogens.org\/es\/\" \/>\n<meta property=\"og:locale\" content=\"es_ES\" \/>\n<meta property=\"og:type\" content=\"article\" \/>\n<meta property=\"og:title\" content=\"GENS - Grup d\u2019Experimentaci\u00f3 en Naturisme i Sostenibilitat\" \/>\n<meta property=\"og:description\" content=\"El nostre objectiu \u00e9s promoure iniciatives rurals sostenibles per donar resposta als reptes socials, econ\u00f2mics i ambientals.\" \/>\n<meta property=\"og:url\" content=\"https:\/\/associaciogens.org\/es\/\" \/>\n<meta property=\"og:site_name\" content=\"Gens\" \/>\n<meta property=\"article:modified_time\" content=\"2025-02-08T12:37:39+00:00\" \/>\n<meta property=\"og:image\" content=\"https:\/\/associaciogens.org\/wp-content\/uploads\/2024\/04\/gens.jpg\" \/>\n\t<meta property=\"og:image:width\" content=\"600\" \/>\n\t<meta property=\"og:image:height\" content=\"600\" \/>\n\t<meta property=\"og:image:type\" content=\"image\/jpeg\" \/>\n<meta name=\"twitter:card\" content=\"summary_large_image\" \/>\n<meta name=\"twitter:label1\" content=\"Tiempo de lectura\" \/>\n\t<meta name=\"twitter:data1\" content=\"1 minuto\" \/>\n<script type=\"application\/ld+json\" class=\"yoast-schema-graph\">{\"@context\":\"https:\/\/schema.org\",\"@graph\":[{\"@type\":\"WebPage\",\"@id\":\"https:\/\/associaciogens.org\/es\/\",\"url\":\"https:\/\/associaciogens.org\/es\/\",\"name\":\"GENS - Grup d\u2019Experimentaci\u00f3 en Naturisme i Sostenibilitat\",\"isPartOf\":{\"@id\":\"https:\/\/associaciogens.org\/#website\"},\"primaryImageOfPage\":{\"@id\":\"https:\/\/associaciogens.org\/es\/#primaryimage\"},\"image\":{\"@id\":\"https:\/\/associaciogens.org\/es\/#primaryimage\"},\"thumbnailUrl\":\"https:\/\/associaciogens.org\/wp-content\/uploads\/2024\/04\/gens.jpg\",\"datePublished\":\"2023-11-25T13:00:06+00:00\",\"dateModified\":\"2025-02-08T12:37:39+00:00\",\"description\":\"El nostre objectiu \u00e9s promoure iniciatives rurals sostenibles per donar resposta als reptes socials, econ\u00f2mics i ambientals.\",\"breadcrumb\":{\"@id\":\"https:\/\/associaciogens.org\/es\/#breadcrumb\"},\"inLanguage\":\"es\",\"potentialAction\":[{\"@type\":\"ReadAction\",\"target\":[\"https:\/\/associaciogens.org\/es\/\"]}]},{\"@type\":\"ImageObject\",\"inLanguage\":\"es\",\"@id\":\"https:\/\/associaciogens.org\/es\/#primaryimage\",\"url\":\"https:\/\/associaciogens.org\/wp-content\/uploads\/2024\/04\/gens.jpg\",\"contentUrl\":\"https:\/\/associaciogens.org\/wp-content\/uploads\/2024\/04\/gens.jpg\"},{\"@type\":\"BreadcrumbList\",\"@id\":\"https:\/\/associaciogens.org\/es\/#breadcrumb\",\"itemListElement\":[{\"@type\":\"ListItem\",\"position\":1,\"name\":\"Home\",\"item\":\"https:\/\/associaciogens.org\/es\/\"},{\"@type\":\"ListItem\",\"position\":2,\"name\":\"Inici\"}]},{\"@type\":\"WebSite\",\"@id\":\"https:\/\/associaciogens.org\/#website\",\"url\":\"https:\/\/associaciogens.org\/\",\"name\":\"Gens\",\"description\":\"projectes transformadors al m\u00f3n rural\",\"publisher\":{\"@id\":\"https:\/\/associaciogens.org\/#organization\"},\"potentialAction\":[{\"@type\":\"SearchAction\",\"target\":{\"@type\":\"EntryPoint\",\"urlTemplate\":\"https:\/\/associaciogens.org\/?s={search_term_string}\"},\"query-input\":{\"@type\":\"PropertyValueSpecification\",\"valueRequired\":true,\"valueName\":\"search_term_string\"}}],\"inLanguage\":\"es\"},{\"@type\":\"Organization\",\"@id\":\"https:\/\/associaciogens.org\/#organization\",\"name\":\"Gens\",\"url\":\"https:\/\/associaciogens.org\/\",\"logo\":{\"@type\":\"ImageObject\",\"inLanguage\":\"es\",\"@id\":\"https:\/\/associaciogens.org\/#\/schema\/logo\/image\/\",\"url\":\"https:\/\/associaciogens.org\/wp-content\/uploads\/2025\/03\/eit-2.png\",\"contentUrl\":\"https:\/\/associaciogens.org\/wp-content\/uploads\/2025\/03\/eit-2.png\",\"width\":643,\"height\":142,\"caption\":\"Gens\"},\"image\":{\"@id\":\"https:\/\/associaciogens.org\/#\/schema\/logo\/image\/\"}}]}<\/script>\n<!-- \/ Yoast SEO plugin. -->","yoast_head_json":{"title":"GENS - Grup d\u2019Experimentaci\u00f3 en Naturisme i Sostenibilitat","description":"El nostre objectiu \u00e9s promoure iniciatives rurals sostenibles per donar resposta als reptes socials, econ\u00f2mics i ambientals.","robots":{"index":"index","follow":"follow","max-snippet":"max-snippet:-1","max-image-preview":"max-image-preview:large","max-video-preview":"max-video-preview:-1"},"canonical":"https:\/\/associaciogens.org\/es\/","og_locale":"es_ES","og_type":"article","og_title":"GENS - Grup d\u2019Experimentaci\u00f3 en Naturisme i Sostenibilitat","og_description":"El nostre objectiu \u00e9s promoure iniciatives rurals sostenibles per donar resposta als reptes socials, econ\u00f2mics i ambientals.","og_url":"https:\/\/associaciogens.org\/es\/","og_site_name":"Gens","article_modified_time":"2025-02-08T12:37:39+00:00","og_image":[{"width":600,"height":600,"url":"https:\/\/associaciogens.org\/wp-content\/uploads\/2024\/04\/gens.jpg","type":"image\/jpeg"}],"twitter_card":"summary_large_image","twitter_misc":{"Tiempo de lectura":"1 minuto"},"schema":{"@context":"https:\/\/schema.org","@graph":[{"@type":"WebPage","@id":"https:\/\/associaciogens.org\/es\/","url":"https:\/\/associaciogens.org\/es\/","name":"GENS - Grup d\u2019Experimentaci\u00f3 en Naturisme i Sostenibilitat","isPartOf":{"@id":"https:\/\/associaciogens.org\/#website"},"primaryImageOfPage":{"@id":"https:\/\/associaciogens.org\/es\/#primaryimage"},"image":{"@id":"https:\/\/associaciogens.org\/es\/#primaryimage"},"thumbnailUrl":"https:\/\/associaciogens.org\/wp-content\/uploads\/2024\/04\/gens.jpg","datePublished":"2023-11-25T13:00:06+00:00","dateModified":"2025-02-08T12:37:39+00:00","description":"El nostre objectiu \u00e9s promoure iniciatives rurals sostenibles per donar resposta als reptes socials, econ\u00f2mics i ambientals.","breadcrumb":{"@id":"https:\/\/associaciogens.org\/es\/#breadcrumb"},"inLanguage":"es","potentialAction":[{"@type":"ReadAction","target":["https:\/\/associaciogens.org\/es\/"]}]},{"@type":"ImageObject","inLanguage":"es","@id":"https:\/\/associaciogens.org\/es\/#primaryimage","url":"https:\/\/associaciogens.org\/wp-content\/uploads\/2024\/04\/gens.jpg","contentUrl":"https:\/\/associaciogens.org\/wp-content\/uploads\/2024\/04\/gens.jpg"},{"@type":"BreadcrumbList","@id":"https:\/\/associaciogens.org\/es\/#breadcrumb","itemListElement":[{"@type":"ListItem","position":1,"name":"Home","item":"https:\/\/associaciogens.org\/es\/"},{"@type":"ListItem","position":2,"name":"Inici"}]},{"@type":"WebSite","@id":"https:\/\/associaciogens.org\/#website","url":"https:\/\/associaciogens.org\/","name":"Gens","description":"projectes transformadors al m\u00f3n rural","publisher":{"@id":"https:\/\/associaciogens.org\/#organization"},"potentialAction":[{"@type":"SearchAction","target":{"@type":"EntryPoint","urlTemplate":"https:\/\/associaciogens.org\/?s={search_term_string}"},"query-input":{"@type":"PropertyValueSpecification","valueRequired":true,"valueName":"search_term_string"}}],"inLanguage":"es"},{"@type":"Organization","@id":"https:\/\/associaciogens.org\/#organization","name":"Gens","url":"https:\/\/associaciogens.org\/","logo":{"@type":"ImageObject","inLanguage":"es","@id":"https:\/\/associaciogens.org\/#\/schema\/logo\/image\/","url":"https:\/\/associaciogens.org\/wp-content\/uploads\/2025\/03\/eit-2.png","contentUrl":"https:\/\/associaciogens.org\/wp-content\/uploads\/2025\/03\/eit-2.png","width":643,"height":142,"caption":"Gens"},"image":{"@id":"https:\/\/associaciogens.org\/#\/schema\/logo\/image\/"}}]}},"_links":{"self":[{"href":"https:\/\/associaciogens.org\/es\/wp-json\/wp\/v2\/pages\/1046","targetHints":{"allow":["GET"]}}],"collection":[{"href":"https:\/\/associaciogens.org\/es\/wp-json\/wp\/v2\/pages"}],"about":[{"href":"https:\/\/associaciogens.org\/es\/wp-json\/wp\/v2\/types\/page"}],"author":[{"embeddable":true,"href":"https:\/\/associaciogens.org\/es\/wp-json\/wp\/v2\/users\/1"}],"replies":[{"embeddable":true,"href":"https:\/\/associaciogens.org\/es\/wp-json\/wp\/v2\/comments?post=1046"}],"version-history":[{"count":28,"href":"https:\/\/associaciogens.org\/es\/wp-json\/wp\/v2\/pages\/1046\/revisions"}],"predecessor-version":[{"id":6239,"href":"https:\/\/associaciogens.org\/es\/wp-json\/wp\/v2\/pages\/1046\/revisions\/6239"}],"wp:attachment":[{"href":"https:\/\/associaciogens.org\/es\/wp-json\/wp\/v2\/media?parent=1046"}],"curies":[{"name":"wp","href":"https:\/\/api.w.org\/{rel}","templated":true}]}}